{"id":86612,"date":"2024-09-04T16:15:20","date_gmt":"2024-09-04T19:15:20","guid":{"rendered":"https:\/\/ecursostreinaonline.com.br\/produto\/curso-de-direito-processual-civil\/"},"modified":"2024-09-04T16:15:20","modified_gmt":"2024-09-04T19:15:20","slug":"curso-de-direito-processual-civil","status":"publish","type":"product","link":"https:\/\/treina.online\/?product=curso-de-direito-processual-civil","title":{"rendered":"Curso de Direito Processual Civil"},"content":{"rendered":"<p>Voc\u00ea conhecer\u00e1 as normas processuais civis, quem s\u00e3o os sujeitos do processo, tipos de litiscons\u00f3rcio, atos processuais das partes e do juiz, tutela provis\u00f3ria, suspens\u00e3o e extin\u00e7\u00e3o do processo, direito intertemporal, procedimento comum e especial, cumprimento e execu\u00e7\u00e3o da senten\u00e7a, a\u00e7\u00e3o rescis\u00f3ria e muito mais. Se voc\u00ea se interessou por esse, vai gostar tamb\u00e9m do Curso de Estatuto da Crian\u00e7a e do Adolescente na Pr\u00e1tica,, Direito Digital, e Direito Penal: Princ\u00edpios Basilares e Derivados,.<\/p>\n<p>Sobre a carga hor\u00e1ria:<br \/>\nO curso possui 80 horas de carga hor\u00e1ria. Por\u00e9m, se for conclu\u00eddo antes de 5 dias, passa a ter 10 horas de carga hor\u00e1ria. Conforme nosso contrato e termos de uso.<\/p>\n","protected":false},"excerpt":{"rendered":"<p>Voc\u00ea conhecer\u00e1 as normas processuais civis, quem s\u00e3o os sujeitos do processo, tipos de litiscons\u00f3rcio, atos processuais das partes e do juiz, tutela provis\u00f3ria, suspens\u00e3o e extin\u00e7\u00e3o do processo, direito intertemporal, procedimento comum e especial, cumprimento e execu\u00e7\u00e3o da senten\u00e7a, a\u00e7\u00e3o rescis\u00f3ria e muito mais. Se voc\u00ea se interessou por esse, vai gostar tamb\u00e9m do Curso de Estatuto da Crian\u00e7a [&hellip;]<\/p>\n","protected":false},"featured_media":0,"comment_status":"open","ping_status":"closed","template":"","meta":[],"product_brand":[],"product_cat":[211],"product_tag":[],"class_list":{"0":"post-86612","1":"product","2":"type-product","3":"status-publish","5":"product_cat-direito","6":"post","8":"first","9":"instock","10":"virtual","11":"sold-individually","12":"product-type-simple"},"_links":{"self":[{"href":"https:\/\/treina.online\/index.php?rest_route=\/wp\/v2\/product\/86612","targetHints":{"allow":["GET"]}}],"collection":[{"href":"https:\/\/treina.online\/index.php?rest_route=\/wp\/v2\/product"}],"about":[{"href":"https:\/\/treina.online\/index.php?rest_route=\/wp\/v2\/types\/product"}],"replies":[{"embeddable":true,"href":"https:\/\/treina.online\/index.php?rest_route=%2Fwp%2Fv2%2Fcomments&post=86612"}],"version-history":[{"count":0,"href":"https:\/\/treina.online\/index.php?rest_route=\/wp\/v2\/product\/86612\/revisions"}],"wp:attachment":[{"href":"https:\/\/treina.online\/index.php?rest_route=%2Fwp%2Fv2%2Fmedia&parent=86612"}],"wp:term":[{"taxonomy":"product_brand","embeddable":true,"href":"https:\/\/treina.online\/index.php?rest_route=%2Fwp%2Fv2%2Fproduct_brand&post=86612"},{"taxonomy":"product_cat","embeddable":true,"href":"https:\/\/treina.online\/index.php?rest_route=%2Fwp%2Fv2%2Fproduct_cat&post=86612"},{"taxonomy":"product_tag","embeddable":true,"href":"https:\/\/treina.online\/index.php?rest_route=%2Fwp%2Fv2%2Fproduct_tag&post=86612"}],"curies":[{"name":"wp","href":"https:\/\/api.w.org\/{rel}","templated":true}]}}