{"id":86611,"date":"2024-09-04T16:15:20","date_gmt":"2024-09-04T19:15:20","guid":{"rendered":"https:\/\/ecursostreinaonline.com.br\/produto\/curso-de-direito-penal-2\/"},"modified":"2024-09-04T16:15:20","modified_gmt":"2024-09-04T19:15:20","slug":"curso-de-direito-penal-2","status":"publish","type":"product","link":"https:\/\/treina.online\/?product=curso-de-direito-penal-2","title":{"rendered":"Curso de Direito Penal"},"content":{"rendered":"<p>Voc\u00ea conhecer\u00e1 quais s\u00e3o as caracter\u00edsticas do Direito Penal, teoria geral do crime, aplica\u00e7\u00e3o da Lei Penal, crime doloso e culposo, iter criminis, teoria geral da pena, efeitos da condena\u00e7\u00e3o, processo penal, extin\u00e7\u00e3o da punibilidade, prescri\u00e7\u00e3o e muito mais. Uma dica seria aproveitar e ver tamb\u00e9m Curso de Direito Processual Civil &#8211; Novo CPC,, Direito Civil II, e Direito Civil I,.<\/p>\n<p>Sobre a carga hor\u00e1ria:<br \/>\nO curso possui 80 horas de carga hor\u00e1ria. Por\u00e9m, se for conclu\u00eddo antes de 5 dias, passa a ter 10 horas de carga hor\u00e1ria. Conforme nosso contrato e termos de uso.<\/p>\n","protected":false},"excerpt":{"rendered":"<p>Voc\u00ea conhecer\u00e1 quais s\u00e3o as caracter\u00edsticas do Direito Penal, teoria geral do crime, aplica\u00e7\u00e3o da Lei Penal, crime doloso e culposo, iter criminis, teoria geral da pena, efeitos da condena\u00e7\u00e3o, processo penal, extin\u00e7\u00e3o da punibilidade, prescri\u00e7\u00e3o e muito mais. Uma dica seria aproveitar e ver tamb\u00e9m Curso de Direito Processual Civil &#8211; Novo CPC,, Direito Civil II, e Direito Civil [&hellip;]<\/p>\n","protected":false},"featured_media":0,"comment_status":"open","ping_status":"closed","template":"","meta":[],"product_brand":[],"product_cat":[211],"product_tag":[],"class_list":{"0":"post-86611","1":"product","2":"type-product","3":"status-publish","5":"product_cat-direito","6":"post","8":"first","9":"instock","10":"virtual","11":"sold-individually","12":"product-type-simple"},"_links":{"self":[{"href":"https:\/\/treina.online\/index.php?rest_route=\/wp\/v2\/product\/86611","targetHints":{"allow":["GET"]}}],"collection":[{"href":"https:\/\/treina.online\/index.php?rest_route=\/wp\/v2\/product"}],"about":[{"href":"https:\/\/treina.online\/index.php?rest_route=\/wp\/v2\/types\/product"}],"replies":[{"embeddable":true,"href":"https:\/\/treina.online\/index.php?rest_route=%2Fwp%2Fv2%2Fcomments&post=86611"}],"version-history":[{"count":0,"href":"https:\/\/treina.online\/index.php?rest_route=\/wp\/v2\/product\/86611\/revisions"}],"wp:attachment":[{"href":"https:\/\/treina.online\/index.php?rest_route=%2Fwp%2Fv2%2Fmedia&parent=86611"}],"wp:term":[{"taxonomy":"product_brand","embeddable":true,"href":"https:\/\/treina.online\/index.php?rest_route=%2Fwp%2Fv2%2Fproduct_brand&post=86611"},{"taxonomy":"product_cat","embeddable":true,"href":"https:\/\/treina.online\/index.php?rest_route=%2Fwp%2Fv2%2Fproduct_cat&post=86611"},{"taxonomy":"product_tag","embeddable":true,"href":"https:\/\/treina.online\/index.php?rest_route=%2Fwp%2Fv2%2Fproduct_tag&post=86611"}],"curies":[{"name":"wp","href":"https:\/\/api.w.org\/{rel}","templated":true}]}}