{"id":86610,"date":"2024-09-04T16:15:20","date_gmt":"2024-09-04T19:15:20","guid":{"rendered":"https:\/\/ecursostreinaonline.com.br\/produto\/curso-de-direito-do-trabalho-2\/"},"modified":"2024-09-04T16:15:20","modified_gmt":"2024-09-04T19:15:20","slug":"curso-de-direito-do-trabalho-2","status":"publish","type":"product","link":"https:\/\/treina.online\/?product=curso-de-direito-do-trabalho-2","title":{"rendered":"Curso de Direito do Trabalho"},"content":{"rendered":"<p>Voc\u00ea aprender\u00e1 as diferen\u00e7as entre empregado e empregador, caracter\u00edsticas dos contratos de trabalho, prazos, jornadas, verbas rescis\u00f3rias e muito mais. Outros cursos que podem ser interessante: Curso de Perito: Assistente T\u00e9cnico,, Direito Penal, e Direito Civil: Obriga\u00e7\u00f5es,.<\/p>\n<p>Sobre a carga hor\u00e1ria:<br \/>\nO curso possui 80 horas de carga hor\u00e1ria. Por\u00e9m, se for conclu\u00eddo antes de 5 dias, passa a ter 10 horas de carga hor\u00e1ria. Conforme nosso contrato e termos de uso.<\/p>\n","protected":false},"excerpt":{"rendered":"<p>Voc\u00ea aprender\u00e1 as diferen\u00e7as entre empregado e empregador, caracter\u00edsticas dos contratos de trabalho, prazos, jornadas, verbas rescis\u00f3rias e muito mais. Outros cursos que podem ser interessante: Curso de Perito: Assistente T\u00e9cnico,, Direito Penal, e Direito Civil: Obriga\u00e7\u00f5es,. Sobre a carga hor\u00e1ria: O curso possui 80 horas de carga hor\u00e1ria. Por\u00e9m, se for conclu\u00eddo antes de 5 dias, passa a ter [&hellip;]<\/p>\n","protected":false},"featured_media":0,"comment_status":"open","ping_status":"closed","template":"","meta":[],"product_brand":[],"product_cat":[211],"product_tag":[],"class_list":{"0":"post-86610","1":"product","2":"type-product","3":"status-publish","5":"product_cat-direito","6":"post","8":"first","9":"instock","10":"virtual","11":"sold-individually","12":"product-type-simple"},"_links":{"self":[{"href":"https:\/\/treina.online\/index.php?rest_route=\/wp\/v2\/product\/86610","targetHints":{"allow":["GET"]}}],"collection":[{"href":"https:\/\/treina.online\/index.php?rest_route=\/wp\/v2\/product"}],"about":[{"href":"https:\/\/treina.online\/index.php?rest_route=\/wp\/v2\/types\/product"}],"replies":[{"embeddable":true,"href":"https:\/\/treina.online\/index.php?rest_route=%2Fwp%2Fv2%2Fcomments&post=86610"}],"version-history":[{"count":0,"href":"https:\/\/treina.online\/index.php?rest_route=\/wp\/v2\/product\/86610\/revisions"}],"wp:attachment":[{"href":"https:\/\/treina.online\/index.php?rest_route=%2Fwp%2Fv2%2Fmedia&parent=86610"}],"wp:term":[{"taxonomy":"product_brand","embeddable":true,"href":"https:\/\/treina.online\/index.php?rest_route=%2Fwp%2Fv2%2Fproduct_brand&post=86610"},{"taxonomy":"product_cat","embeddable":true,"href":"https:\/\/treina.online\/index.php?rest_route=%2Fwp%2Fv2%2Fproduct_cat&post=86610"},{"taxonomy":"product_tag","embeddable":true,"href":"https:\/\/treina.online\/index.php?rest_route=%2Fwp%2Fv2%2Fproduct_tag&post=86610"}],"curies":[{"name":"wp","href":"https:\/\/api.w.org\/{rel}","templated":true}]}}