{"id":86608,"date":"2024-09-04T16:15:20","date_gmt":"2024-09-04T19:15:20","guid":{"rendered":"https:\/\/ecursostreinaonline.com.br\/produto\/curso-de-direito-digital\/"},"modified":"2024-09-04T16:15:20","modified_gmt":"2024-09-04T19:15:20","slug":"curso-de-direito-digital","status":"publish","type":"product","link":"https:\/\/treina.online\/?product=curso-de-direito-digital","title":{"rendered":"Curso de Direito Digital"},"content":{"rendered":"<p>Voc\u00ea conhecer\u00e1 os elementos da internet, legisla\u00e7\u00e3o, liberdade de express\u00e3o, responsabilidade civil, viola\u00e7\u00e3o de intimidade, direito ao esquecimento, direito do consumidor, cibercrimes e muito mais. Gostou desse curso? Ent\u00e3o veja tamb\u00e9m o Curso de Direito Processual do Trabalho,, Estatuto da Crian\u00e7a e do Adolescente na Pr\u00e1tica, e Direito Empresarial,.<\/p>\n<p>Sobre a carga hor\u00e1ria:<br \/>\nO curso possui 80 horas de carga hor\u00e1ria. Por\u00e9m, se for conclu\u00eddo antes de 5 dias, passa a ter 10 horas de carga hor\u00e1ria. Conforme nosso contrato e termos de uso.<\/p>\n","protected":false},"excerpt":{"rendered":"<p>Voc\u00ea conhecer\u00e1 os elementos da internet, legisla\u00e7\u00e3o, liberdade de express\u00e3o, responsabilidade civil, viola\u00e7\u00e3o de intimidade, direito ao esquecimento, direito do consumidor, cibercrimes e muito mais. Gostou desse curso? Ent\u00e3o veja tamb\u00e9m o Curso de Direito Processual do Trabalho,, Estatuto da Crian\u00e7a e do Adolescente na Pr\u00e1tica, e Direito Empresarial,. Sobre a carga hor\u00e1ria: O curso possui 80 horas de carga [&hellip;]<\/p>\n","protected":false},"featured_media":0,"comment_status":"open","ping_status":"closed","template":"","meta":[],"product_brand":[],"product_cat":[211],"product_tag":[],"class_list":{"0":"post-86608","1":"product","2":"type-product","3":"status-publish","5":"product_cat-direito","6":"post","8":"first","9":"instock","10":"virtual","11":"sold-individually","12":"product-type-simple"},"_links":{"self":[{"href":"https:\/\/treina.online\/index.php?rest_route=\/wp\/v2\/product\/86608","targetHints":{"allow":["GET"]}}],"collection":[{"href":"https:\/\/treina.online\/index.php?rest_route=\/wp\/v2\/product"}],"about":[{"href":"https:\/\/treina.online\/index.php?rest_route=\/wp\/v2\/types\/product"}],"replies":[{"embeddable":true,"href":"https:\/\/treina.online\/index.php?rest_route=%2Fwp%2Fv2%2Fcomments&post=86608"}],"version-history":[{"count":0,"href":"https:\/\/treina.online\/index.php?rest_route=\/wp\/v2\/product\/86608\/revisions"}],"wp:attachment":[{"href":"https:\/\/treina.online\/index.php?rest_route=%2Fwp%2Fv2%2Fmedia&parent=86608"}],"wp:term":[{"taxonomy":"product_brand","embeddable":true,"href":"https:\/\/treina.online\/index.php?rest_route=%2Fwp%2Fv2%2Fproduct_brand&post=86608"},{"taxonomy":"product_cat","embeddable":true,"href":"https:\/\/treina.online\/index.php?rest_route=%2Fwp%2Fv2%2Fproduct_cat&post=86608"},{"taxonomy":"product_tag","embeddable":true,"href":"https:\/\/treina.online\/index.php?rest_route=%2Fwp%2Fv2%2Fproduct_tag&post=86608"}],"curies":[{"name":"wp","href":"https:\/\/api.w.org\/{rel}","templated":true}]}}