{"id":86607,"date":"2024-09-04T16:15:18","date_gmt":"2024-09-04T19:15:18","guid":{"rendered":"https:\/\/ecursostreinaonline.com.br\/produto\/curso-de-desenvolvimento-socioemocional\/"},"modified":"2024-09-04T16:15:18","modified_gmt":"2024-09-04T19:15:18","slug":"curso-de-desenvolvimento-socioemocional","status":"publish","type":"product","link":"https:\/\/treina.online\/?product=curso-de-desenvolvimento-socioemocional","title":{"rendered":"Curso de Desenvolvimento Socioemocional"},"content":{"rendered":"<p>Voc\u00ea conhecer\u00e1 as bases neurol\u00f3gicas da emo\u00e7\u00e3o, habilidades socioemocionais entender\u00e1 sobre o desenvolvimento cognitivo e social, o que \u00e9 intelig\u00eancia emocional, dicas para escolas, professores e muito mais. Curtiu esse curso? Ent\u00e3o aproveite e veja tamb\u00e9m o Curso de Rela\u00e7\u00f5es Interpessoais no Trabalho na Pr\u00e1tica,, Comunica\u00e7\u00e3o de Alta Performance, e Introdu\u00e7\u00e3o \u00e0 Comunica\u00e7\u00e3o Assertiva,.<\/p>\n<p>Sobre a carga hor\u00e1ria:<br \/>\nO curso possui 80 horas de carga hor\u00e1ria. Por\u00e9m, se for conclu\u00eddo antes de 5 dias, passa a ter 10 horas de carga hor\u00e1ria. Conforme nosso contrato e termos de uso.<\/p>\n","protected":false},"excerpt":{"rendered":"<p>Voc\u00ea conhecer\u00e1 as bases neurol\u00f3gicas da emo\u00e7\u00e3o, habilidades socioemocionais entender\u00e1 sobre o desenvolvimento cognitivo e social, o que \u00e9 intelig\u00eancia emocional, dicas para escolas, professores e muito mais. Curtiu esse curso? Ent\u00e3o aproveite e veja tamb\u00e9m o Curso de Rela\u00e7\u00f5es Interpessoais no Trabalho na Pr\u00e1tica,, Comunica\u00e7\u00e3o de Alta Performance, e Introdu\u00e7\u00e3o \u00e0 Comunica\u00e7\u00e3o Assertiva,. Sobre a carga hor\u00e1ria: O curso [&hellip;]<\/p>\n","protected":false},"featured_media":0,"comment_status":"open","ping_status":"closed","template":"","meta":[],"product_brand":[],"product_cat":[297],"product_tag":[],"class_list":{"0":"post-86607","1":"product","2":"type-product","3":"status-publish","5":"product_cat-desenvolvimento-pessoal","6":"post","8":"first","9":"instock","10":"virtual","11":"sold-individually","12":"product-type-simple"},"_links":{"self":[{"href":"https:\/\/treina.online\/index.php?rest_route=\/wp\/v2\/product\/86607","targetHints":{"allow":["GET"]}}],"collection":[{"href":"https:\/\/treina.online\/index.php?rest_route=\/wp\/v2\/product"}],"about":[{"href":"https:\/\/treina.online\/index.php?rest_route=\/wp\/v2\/types\/product"}],"replies":[{"embeddable":true,"href":"https:\/\/treina.online\/index.php?rest_route=%2Fwp%2Fv2%2Fcomments&post=86607"}],"version-history":[{"count":0,"href":"https:\/\/treina.online\/index.php?rest_route=\/wp\/v2\/product\/86607\/revisions"}],"wp:attachment":[{"href":"https:\/\/treina.online\/index.php?rest_route=%2Fwp%2Fv2%2Fmedia&parent=86607"}],"wp:term":[{"taxonomy":"product_brand","embeddable":true,"href":"https:\/\/treina.online\/index.php?rest_route=%2Fwp%2Fv2%2Fproduct_brand&post=86607"},{"taxonomy":"product_cat","embeddable":true,"href":"https:\/\/treina.online\/index.php?rest_route=%2Fwp%2Fv2%2Fproduct_cat&post=86607"},{"taxonomy":"product_tag","embeddable":true,"href":"https:\/\/treina.online\/index.php?rest_route=%2Fwp%2Fv2%2Fproduct_tag&post=86607"}],"curies":[{"name":"wp","href":"https:\/\/api.w.org\/{rel}","templated":true}]}}