{"id":86606,"date":"2024-09-04T16:15:16","date_gmt":"2024-09-04T19:15:16","guid":{"rendered":"https:\/\/ecursostreinaonline.com.br\/produto\/curso-de-departamento-pessoal-2\/"},"modified":"2024-09-04T16:15:16","modified_gmt":"2024-09-04T19:15:16","slug":"curso-de-departamento-pessoal-2","status":"publish","type":"product","link":"https:\/\/treina.online\/?product=curso-de-departamento-pessoal-2","title":{"rendered":"Curso de Departamento Pessoal"},"content":{"rendered":"<p>Voc\u00ea ter\u00e1 a oportunidade de aprender sobre legisla\u00e7\u00e3o trabalhista, folha de pagamentos, principais contratos de trabalho, administra\u00e7\u00e3o de cargos e sal\u00e1rios, vantagens do e-Social e muito mais. Quem gosta desse curso tamb\u00e9m gosta do Curso de Estrat\u00e9gia de Avalia\u00e7\u00e3o de Pessoas: Introdu\u00e7\u00e3o,, Como ser um Coach: Introdu\u00e7\u00e3o, e Introdu\u00e7\u00e3o ao Departamento Pessoal,.<\/p>\n<p>Sobre a carga hor\u00e1ria:<br \/>\nO curso possui 80 horas de carga hor\u00e1ria. Por\u00e9m, se for conclu\u00eddo antes de 5 dias, passa a ter 10 horas de carga hor\u00e1ria. Conforme nosso contrato e termos de uso.<\/p>\n","protected":false},"excerpt":{"rendered":"<p>Voc\u00ea ter\u00e1 a oportunidade de aprender sobre legisla\u00e7\u00e3o trabalhista, folha de pagamentos, principais contratos de trabalho, administra\u00e7\u00e3o de cargos e sal\u00e1rios, vantagens do e-Social e muito mais. Quem gosta desse curso tamb\u00e9m gosta do Curso de Estrat\u00e9gia de Avalia\u00e7\u00e3o de Pessoas: Introdu\u00e7\u00e3o,, Como ser um Coach: Introdu\u00e7\u00e3o, e Introdu\u00e7\u00e3o ao Departamento Pessoal,. Sobre a carga hor\u00e1ria: O curso possui 80 [&hellip;]<\/p>\n","protected":false},"featured_media":0,"comment_status":"open","ping_status":"closed","template":"","meta":[],"product_brand":[],"product_cat":[236],"product_tag":[],"class_list":{"0":"post-86606","1":"product","2":"type-product","3":"status-publish","5":"product_cat-recursos-humanos","6":"post","8":"first","9":"instock","10":"virtual","11":"sold-individually","12":"product-type-simple"},"_links":{"self":[{"href":"https:\/\/treina.online\/index.php?rest_route=\/wp\/v2\/product\/86606","targetHints":{"allow":["GET"]}}],"collection":[{"href":"https:\/\/treina.online\/index.php?rest_route=\/wp\/v2\/product"}],"about":[{"href":"https:\/\/treina.online\/index.php?rest_route=\/wp\/v2\/types\/product"}],"replies":[{"embeddable":true,"href":"https:\/\/treina.online\/index.php?rest_route=%2Fwp%2Fv2%2Fcomments&post=86606"}],"version-history":[{"count":0,"href":"https:\/\/treina.online\/index.php?rest_route=\/wp\/v2\/product\/86606\/revisions"}],"wp:attachment":[{"href":"https:\/\/treina.online\/index.php?rest_route=%2Fwp%2Fv2%2Fmedia&parent=86606"}],"wp:term":[{"taxonomy":"product_brand","embeddable":true,"href":"https:\/\/treina.online\/index.php?rest_route=%2Fwp%2Fv2%2Fproduct_brand&post=86606"},{"taxonomy":"product_cat","embeddable":true,"href":"https:\/\/treina.online\/index.php?rest_route=%2Fwp%2Fv2%2Fproduct_cat&post=86606"},{"taxonomy":"product_tag","embeddable":true,"href":"https:\/\/treina.online\/index.php?rest_route=%2Fwp%2Fv2%2Fproduct_tag&post=86606"}],"curies":[{"name":"wp","href":"https:\/\/api.w.org\/{rel}","templated":true}]}}