{"id":86602,"date":"2024-09-04T16:15:09","date_gmt":"2024-09-04T19:15:09","guid":{"rendered":"https:\/\/ecursostreinaonline.com.br\/produto\/curso-de-copywriting-e-redacao-publicitaria\/"},"modified":"2024-09-04T16:15:09","modified_gmt":"2024-09-04T19:15:09","slug":"curso-de-copywriting-e-redacao-publicitaria","status":"publish","type":"product","link":"https:\/\/treina.online\/?product=curso-de-copywriting-e-redacao-publicitaria","title":{"rendered":"Curso de Copywriting e Reda\u00e7\u00e3o Publicit\u00e1ria"},"content":{"rendered":"<p>Voc\u00ea aprender\u00e1 sobre a estrutura do copywriting, storytelling, diversos gatilhos mentais, big idea, proposta \u00fanica de valor, funil de vendas e muito mais. Se voc\u00ea se interessou por esse, vai gostar tamb\u00e9m do Curso de Estrat\u00e9gias de Negocia\u00e7\u00e3o,, Introdu\u00e7\u00e3o \u00e0 Fotografia e V\u00eddeo com Celular, e Marketing Digital: Criando um An\u00fancio no Facebook,.<\/p>\n<p>Sobre a carga hor\u00e1ria:<br \/>\nO curso possui 80 horas de carga hor\u00e1ria. Por\u00e9m, se for conclu\u00eddo antes de 5 dias, passa a ter 10 horas de carga hor\u00e1ria. Conforme nosso contrato e termos de uso.<\/p>\n","protected":false},"excerpt":{"rendered":"<p>Voc\u00ea aprender\u00e1 sobre a estrutura do copywriting, storytelling, diversos gatilhos mentais, big idea, proposta \u00fanica de valor, funil de vendas e muito mais. Se voc\u00ea se interessou por esse, vai gostar tamb\u00e9m do Curso de Estrat\u00e9gias de Negocia\u00e7\u00e3o,, Introdu\u00e7\u00e3o \u00e0 Fotografia e V\u00eddeo com Celular, e Marketing Digital: Criando um An\u00fancio no Facebook,. Sobre a carga hor\u00e1ria: O curso possui [&hellip;]<\/p>\n","protected":false},"featured_media":0,"comment_status":"open","ping_status":"closed","template":"","meta":[],"product_brand":[],"product_cat":[235],"product_tag":[],"class_list":{"0":"post-86602","1":"product","2":"type-product","3":"status-publish","5":"product_cat-publicidade-e-marketing","6":"post","8":"first","9":"instock","10":"virtual","11":"sold-individually","12":"product-type-simple"},"_links":{"self":[{"href":"https:\/\/treina.online\/index.php?rest_route=\/wp\/v2\/product\/86602","targetHints":{"allow":["GET"]}}],"collection":[{"href":"https:\/\/treina.online\/index.php?rest_route=\/wp\/v2\/product"}],"about":[{"href":"https:\/\/treina.online\/index.php?rest_route=\/wp\/v2\/types\/product"}],"replies":[{"embeddable":true,"href":"https:\/\/treina.online\/index.php?rest_route=%2Fwp%2Fv2%2Fcomments&post=86602"}],"version-history":[{"count":0,"href":"https:\/\/treina.online\/index.php?rest_route=\/wp\/v2\/product\/86602\/revisions"}],"wp:attachment":[{"href":"https:\/\/treina.online\/index.php?rest_route=%2Fwp%2Fv2%2Fmedia&parent=86602"}],"wp:term":[{"taxonomy":"product_brand","embeddable":true,"href":"https:\/\/treina.online\/index.php?rest_route=%2Fwp%2Fv2%2Fproduct_brand&post=86602"},{"taxonomy":"product_cat","embeddable":true,"href":"https:\/\/treina.online\/index.php?rest_route=%2Fwp%2Fv2%2Fproduct_cat&post=86602"},{"taxonomy":"product_tag","embeddable":true,"href":"https:\/\/treina.online\/index.php?rest_route=%2Fwp%2Fv2%2Fproduct_tag&post=86602"}],"curies":[{"name":"wp","href":"https:\/\/api.w.org\/{rel}","templated":true}]}}