{"id":86599,"date":"2024-09-04T16:15:07","date_gmt":"2024-09-04T19:15:07","guid":{"rendered":"https:\/\/ecursostreinaonline.com.br\/produto\/curso-de-comunicacao-inclusiva\/"},"modified":"2024-09-04T16:15:07","modified_gmt":"2024-09-04T19:15:07","slug":"curso-de-comunicacao-inclusiva","status":"publish","type":"product","link":"https:\/\/treina.online\/?product=curso-de-comunicacao-inclusiva","title":{"rendered":"Curso de Comunica\u00e7\u00e3o Inclusiva"},"content":{"rendered":"<p>Voc\u00ea aprender\u00e1 sobre inclus\u00e3o social e educacional, entender\u00e1 aspectos dos tipos de comunica\u00e7\u00e3o (inclusiva, alternativa, aumentativa e n\u00e3o violenta), acessibilidade comunicacional e muito mais. Se voc\u00ea se interessou por esse, vai gostar tamb\u00e9m do Curso de Educa\u00e7\u00e3o Infantil de Alta Performance,, Introdu\u00e7\u00e3o ao Dist\u00farbio de Aprendizagem, e Introdu\u00e7\u00e3o ao Storytelling,.<\/p>\n<p>Sobre a carga hor\u00e1ria:<br \/>\nO curso possui 80 horas de carga hor\u00e1ria. Por\u00e9m, se for conclu\u00eddo antes de 5 dias, passa a ter 10 horas de carga hor\u00e1ria. Conforme nosso contrato e termos de uso.<\/p>\n","protected":false},"excerpt":{"rendered":"<p>Voc\u00ea aprender\u00e1 sobre inclus\u00e3o social e educacional, entender\u00e1 aspectos dos tipos de comunica\u00e7\u00e3o (inclusiva, alternativa, aumentativa e n\u00e3o violenta), acessibilidade comunicacional e muito mais. Se voc\u00ea se interessou por esse, vai gostar tamb\u00e9m do Curso de Educa\u00e7\u00e3o Infantil de Alta Performance,, Introdu\u00e7\u00e3o ao Dist\u00farbio de Aprendizagem, e Introdu\u00e7\u00e3o ao Storytelling,. Sobre a carga hor\u00e1ria: O curso possui 80 horas de [&hellip;]<\/p>\n","protected":false},"featured_media":0,"comment_status":"open","ping_status":"closed","template":"","meta":[],"product_brand":[],"product_cat":[213],"product_tag":[],"class_list":{"0":"post-86599","1":"product","2":"type-product","3":"status-publish","5":"product_cat-educacao-e-pedagogia","6":"post","8":"first","9":"instock","10":"virtual","11":"sold-individually","12":"product-type-simple"},"_links":{"self":[{"href":"https:\/\/treina.online\/index.php?rest_route=\/wp\/v2\/product\/86599","targetHints":{"allow":["GET"]}}],"collection":[{"href":"https:\/\/treina.online\/index.php?rest_route=\/wp\/v2\/product"}],"about":[{"href":"https:\/\/treina.online\/index.php?rest_route=\/wp\/v2\/types\/product"}],"replies":[{"embeddable":true,"href":"https:\/\/treina.online\/index.php?rest_route=%2Fwp%2Fv2%2Fcomments&post=86599"}],"version-history":[{"count":0,"href":"https:\/\/treina.online\/index.php?rest_route=\/wp\/v2\/product\/86599\/revisions"}],"wp:attachment":[{"href":"https:\/\/treina.online\/index.php?rest_route=%2Fwp%2Fv2%2Fmedia&parent=86599"}],"wp:term":[{"taxonomy":"product_brand","embeddable":true,"href":"https:\/\/treina.online\/index.php?rest_route=%2Fwp%2Fv2%2Fproduct_brand&post=86599"},{"taxonomy":"product_cat","embeddable":true,"href":"https:\/\/treina.online\/index.php?rest_route=%2Fwp%2Fv2%2Fproduct_cat&post=86599"},{"taxonomy":"product_tag","embeddable":true,"href":"https:\/\/treina.online\/index.php?rest_route=%2Fwp%2Fv2%2Fproduct_tag&post=86599"}],"curies":[{"name":"wp","href":"https:\/\/api.w.org\/{rel}","templated":true}]}}