{"id":86597,"date":"2024-09-04T16:15:05","date_gmt":"2024-09-04T19:15:05","guid":{"rendered":"https:\/\/ecursostreinaonline.com.br\/produto\/curso-de-como-melhorar-a-criatividade-e-o-processo-inovador\/"},"modified":"2024-09-04T16:15:05","modified_gmt":"2024-09-04T19:15:05","slug":"curso-de-como-melhorar-a-criatividade-e-o-processo-inovador","status":"publish","type":"product","link":"https:\/\/treina.online\/?product=curso-de-como-melhorar-a-criatividade-e-o-processo-inovador","title":{"rendered":"Curso de Como Melhorar a Criatividade e o Processo Inovador"},"content":{"rendered":"<p>Voc\u00ea ver\u00e1 como desenvolver e aplicar a criatividade, quais s\u00e3o as a\u00e7\u00f5es necess\u00e1rias para um trabalho criativo, o que \u00e9 um processo inovador, inova\u00e7\u00e3o aplicada na \u00e1rea da sa\u00fade, educa\u00e7\u00e3o, produtos, campanhas promocionais e muito mais. Uma dica seria aproveitar e ver tamb\u00e9m Curso de Introdu\u00e7\u00e3o ao Conceito de Gest\u00e3o Tribut\u00e1ria,, Introdu\u00e7\u00e3o \u00e0 Gest\u00e3o de Equipes, e Introdu\u00e7\u00e3o ao Gerenciamento de Projetos,.<\/p>\n<p>Sobre a carga hor\u00e1ria:<br \/>\nO curso possui 80 horas de carga hor\u00e1ria. Por\u00e9m, se for conclu\u00eddo antes de 5 dias, passa a ter 10 horas de carga hor\u00e1ria. Conforme nosso contrato e termos de uso.<\/p>\n","protected":false},"excerpt":{"rendered":"<p>Voc\u00ea ver\u00e1 como desenvolver e aplicar a criatividade, quais s\u00e3o as a\u00e7\u00f5es necess\u00e1rias para um trabalho criativo, o que \u00e9 um processo inovador, inova\u00e7\u00e3o aplicada na \u00e1rea da sa\u00fade, educa\u00e7\u00e3o, produtos, campanhas promocionais e muito mais. Uma dica seria aproveitar e ver tamb\u00e9m Curso de Introdu\u00e7\u00e3o ao Conceito de Gest\u00e3o Tribut\u00e1ria,, Introdu\u00e7\u00e3o \u00e0 Gest\u00e3o de Equipes, e Introdu\u00e7\u00e3o ao Gerenciamento [&hellip;]<\/p>\n","protected":false},"featured_media":0,"comment_status":"open","ping_status":"closed","template":"","meta":[],"product_brand":[],"product_cat":[223],"product_tag":[],"class_list":{"0":"post-86597","1":"product","2":"type-product","3":"status-publish","5":"product_cat-gestao-e-lideranca","6":"post","8":"first","9":"instock","10":"virtual","11":"sold-individually","12":"product-type-simple"},"_links":{"self":[{"href":"https:\/\/treina.online\/index.php?rest_route=\/wp\/v2\/product\/86597","targetHints":{"allow":["GET"]}}],"collection":[{"href":"https:\/\/treina.online\/index.php?rest_route=\/wp\/v2\/product"}],"about":[{"href":"https:\/\/treina.online\/index.php?rest_route=\/wp\/v2\/types\/product"}],"replies":[{"embeddable":true,"href":"https:\/\/treina.online\/index.php?rest_route=%2Fwp%2Fv2%2Fcomments&post=86597"}],"version-history":[{"count":0,"href":"https:\/\/treina.online\/index.php?rest_route=\/wp\/v2\/product\/86597\/revisions"}],"wp:attachment":[{"href":"https:\/\/treina.online\/index.php?rest_route=%2Fwp%2Fv2%2Fmedia&parent=86597"}],"wp:term":[{"taxonomy":"product_brand","embeddable":true,"href":"https:\/\/treina.online\/index.php?rest_route=%2Fwp%2Fv2%2Fproduct_brand&post=86597"},{"taxonomy":"product_cat","embeddable":true,"href":"https:\/\/treina.online\/index.php?rest_route=%2Fwp%2Fv2%2Fproduct_cat&post=86597"},{"taxonomy":"product_tag","embeddable":true,"href":"https:\/\/treina.online\/index.php?rest_route=%2Fwp%2Fv2%2Fproduct_tag&post=86597"}],"curies":[{"name":"wp","href":"https:\/\/api.w.org\/{rel}","templated":true}]}}