{"id":86596,"date":"2024-09-04T16:15:03","date_gmt":"2024-09-04T19:15:03","guid":{"rendered":"https:\/\/ecursostreinaonline.com.br\/produto\/curso-de-como-estudar-para-vestibular-e-concursos\/"},"modified":"2024-09-04T16:15:03","modified_gmt":"2024-09-04T19:15:03","slug":"curso-de-como-estudar-para-vestibular-e-concursos","status":"publish","type":"product","link":"https:\/\/treina.online\/?product=curso-de-como-estudar-para-vestibular-e-concursos","title":{"rendered":"Curso de Como Estudar para Vestibular e Concursos"},"content":{"rendered":"<p>Voc\u00ea conhecer\u00e1 a estrutura de provas para vestibulares, temas mais cobrados, dicas para elabora\u00e7\u00e3o de reda\u00e7\u00e3o, estrat\u00e9gias de estudo, mapa mental, t\u00e9cnica Pomodoro, repeti\u00e7\u00e3o espa\u00e7ada, cart\u00f5es virtuais para memoriza\u00e7\u00e3o, dicas para concurseiros e muito mais. Al\u00e9m disso temos tamb\u00e9m o Curso de Libras na Pr\u00e1tica: Introdu\u00e7\u00e3o,, Introdu\u00e7\u00e3o a Neuroeduca\u00e7\u00e3o na Pr\u00e1tica, e Introdu\u00e7\u00e3o ao Designer Instrucional,.<\/p>\n<p>Sobre a carga hor\u00e1ria:<br \/>\nO curso possui 80 horas de carga hor\u00e1ria. Por\u00e9m, se for conclu\u00eddo antes de 5 dias, passa a ter 10 horas de carga hor\u00e1ria. Conforme nosso contrato e termos de uso.<\/p>\n","protected":false},"excerpt":{"rendered":"<p>Voc\u00ea conhecer\u00e1 a estrutura de provas para vestibulares, temas mais cobrados, dicas para elabora\u00e7\u00e3o de reda\u00e7\u00e3o, estrat\u00e9gias de estudo, mapa mental, t\u00e9cnica Pomodoro, repeti\u00e7\u00e3o espa\u00e7ada, cart\u00f5es virtuais para memoriza\u00e7\u00e3o, dicas para concurseiros e muito mais. Al\u00e9m disso temos tamb\u00e9m o Curso de Libras na Pr\u00e1tica: Introdu\u00e7\u00e3o,, Introdu\u00e7\u00e3o a Neuroeduca\u00e7\u00e3o na Pr\u00e1tica, e Introdu\u00e7\u00e3o ao Designer Instrucional,. Sobre a carga hor\u00e1ria: [&hellip;]<\/p>\n","protected":false},"featured_media":0,"comment_status":"open","ping_status":"closed","template":"","meta":[],"product_brand":[],"product_cat":[213],"product_tag":[],"class_list":{"0":"post-86596","1":"product","2":"type-product","3":"status-publish","5":"product_cat-educacao-e-pedagogia","6":"post","8":"first","9":"instock","10":"virtual","11":"sold-individually","12":"product-type-simple"},"_links":{"self":[{"href":"https:\/\/treina.online\/index.php?rest_route=\/wp\/v2\/product\/86596","targetHints":{"allow":["GET"]}}],"collection":[{"href":"https:\/\/treina.online\/index.php?rest_route=\/wp\/v2\/product"}],"about":[{"href":"https:\/\/treina.online\/index.php?rest_route=\/wp\/v2\/types\/product"}],"replies":[{"embeddable":true,"href":"https:\/\/treina.online\/index.php?rest_route=%2Fwp%2Fv2%2Fcomments&post=86596"}],"version-history":[{"count":0,"href":"https:\/\/treina.online\/index.php?rest_route=\/wp\/v2\/product\/86596\/revisions"}],"wp:attachment":[{"href":"https:\/\/treina.online\/index.php?rest_route=%2Fwp%2Fv2%2Fmedia&parent=86596"}],"wp:term":[{"taxonomy":"product_brand","embeddable":true,"href":"https:\/\/treina.online\/index.php?rest_route=%2Fwp%2Fv2%2Fproduct_brand&post=86596"},{"taxonomy":"product_cat","embeddable":true,"href":"https:\/\/treina.online\/index.php?rest_route=%2Fwp%2Fv2%2Fproduct_cat&post=86596"},{"taxonomy":"product_tag","embeddable":true,"href":"https:\/\/treina.online\/index.php?rest_route=%2Fwp%2Fv2%2Fproduct_tag&post=86596"}],"curies":[{"name":"wp","href":"https:\/\/api.w.org\/{rel}","templated":true}]}}