{"id":86594,"date":"2024-09-04T16:15:01","date_gmt":"2024-09-04T19:15:01","guid":{"rendered":"https:\/\/ecursostreinaonline.com.br\/produto\/curso-de-como-avaliar-investimentos-em-projetos\/"},"modified":"2024-09-04T16:15:01","modified_gmt":"2024-09-04T19:15:01","slug":"curso-de-como-avaliar-investimentos-em-projetos","status":"publish","type":"product","link":"https:\/\/treina.online\/?product=curso-de-como-avaliar-investimentos-em-projetos","title":{"rendered":"Curso de Como Avaliar Investimentos em Projetos"},"content":{"rendered":"<p>Voc\u00ea conhecer\u00e1 quais s\u00e3o as m\u00e9tricas para tomada de decis\u00e3o, fluxo de caixa em projetos, valor presente l\u00edquido, payback, taxa interna de retorno, an\u00e1lise de risco e incerteza, o efeito da infla\u00e7\u00e3o, custo do capital e projeto, simula\u00e7\u00e3o de cen\u00e1rios e muito mais. Se voc\u00ea se interessou por esse, vai gostar tamb\u00e9m do Curso de An\u00e1lise de Cr\u00e9dito e Cobran\u00e7a,, Matem\u00e1tica Financeira com HP 12C : Juros Simples e Compostos, e Gest\u00e3o Financeira,.<\/p>\n<p>Sobre a carga hor\u00e1ria:<br \/>\nO curso possui 80 horas de carga hor\u00e1ria. Por\u00e9m, se for conclu\u00eddo antes de 5 dias, passa a ter 10 horas de carga hor\u00e1ria. Conforme nosso contrato e termos de uso.<\/p>\n","protected":false},"excerpt":{"rendered":"<p>Voc\u00ea conhecer\u00e1 quais s\u00e3o as m\u00e9tricas para tomada de decis\u00e3o, fluxo de caixa em projetos, valor presente l\u00edquido, payback, taxa interna de retorno, an\u00e1lise de risco e incerteza, o efeito da infla\u00e7\u00e3o, custo do capital e projeto, simula\u00e7\u00e3o de cen\u00e1rios e muito mais. Se voc\u00ea se interessou por esse, vai gostar tamb\u00e9m do Curso de An\u00e1lise de Cr\u00e9dito e Cobran\u00e7a,, [&hellip;]<\/p>\n","protected":false},"featured_media":0,"comment_status":"open","ping_status":"closed","template":"","meta":[],"product_brand":[],"product_cat":[220],"product_tag":[],"class_list":{"0":"post-86594","1":"product","2":"type-product","3":"status-publish","5":"product_cat-financas","6":"post","8":"first","9":"instock","10":"virtual","11":"sold-individually","12":"product-type-simple"},"_links":{"self":[{"href":"https:\/\/treina.online\/index.php?rest_route=\/wp\/v2\/product\/86594","targetHints":{"allow":["GET"]}}],"collection":[{"href":"https:\/\/treina.online\/index.php?rest_route=\/wp\/v2\/product"}],"about":[{"href":"https:\/\/treina.online\/index.php?rest_route=\/wp\/v2\/types\/product"}],"replies":[{"embeddable":true,"href":"https:\/\/treina.online\/index.php?rest_route=%2Fwp%2Fv2%2Fcomments&post=86594"}],"version-history":[{"count":0,"href":"https:\/\/treina.online\/index.php?rest_route=\/wp\/v2\/product\/86594\/revisions"}],"wp:attachment":[{"href":"https:\/\/treina.online\/index.php?rest_route=%2Fwp%2Fv2%2Fmedia&parent=86594"}],"wp:term":[{"taxonomy":"product_brand","embeddable":true,"href":"https:\/\/treina.online\/index.php?rest_route=%2Fwp%2Fv2%2Fproduct_brand&post=86594"},{"taxonomy":"product_cat","embeddable":true,"href":"https:\/\/treina.online\/index.php?rest_route=%2Fwp%2Fv2%2Fproduct_cat&post=86594"},{"taxonomy":"product_tag","embeddable":true,"href":"https:\/\/treina.online\/index.php?rest_route=%2Fwp%2Fv2%2Fproduct_tag&post=86594"}],"curies":[{"name":"wp","href":"https:\/\/api.w.org\/{rel}","templated":true}]}}