{"id":86592,"date":"2024-09-04T16:14:59","date_gmt":"2024-09-04T19:14:59","guid":{"rendered":"https:\/\/ecursostreinaonline.com.br\/produto\/curso-de-chatgpt-para-trabalho\/"},"modified":"2024-09-04T16:14:59","modified_gmt":"2024-09-04T19:14:59","slug":"curso-de-chatgpt-para-trabalho","status":"publish","type":"product","link":"https:\/\/treina.online\/?product=curso-de-chatgpt-para-trabalho","title":{"rendered":"Curso de ChatGPT para Trabalho"},"content":{"rendered":"<p>Voc\u00ea aprender\u00e1, por meio de exemplos pr\u00e1ticos, como usar o ChatGPT para revisar textos, escrever de forma profissional, resumir conte\u00fados, otimizar as tarefas, elaborar e analisar relat\u00f3rios, preparar reuni\u00f5es, construir websites, gerar conte\u00fado para redes sociais, diversas estrat\u00e9gias de neg\u00f3cios usando IA e muito mais. Gostou desse curso? Ent\u00e3o veja tamb\u00e9m o Curso de Sequ\u00eancia de Montagem de Computadores,, Introdu\u00e7\u00e3o ao Microsoft Word, e Como fazer planilhas com Excel: M\u00e1ximo, M\u00ednimo e Percentagem,.<\/p>\n<p>Sobre a carga hor\u00e1ria:<br \/>\nO curso possui 80 horas de carga hor\u00e1ria. Por\u00e9m, se for conclu\u00eddo antes de 5 dias, passa a ter 10 horas de carga hor\u00e1ria. Conforme nosso contrato e termos de uso.<\/p>\n","protected":false},"excerpt":{"rendered":"<p>Voc\u00ea aprender\u00e1, por meio de exemplos pr\u00e1ticos, como usar o ChatGPT para revisar textos, escrever de forma profissional, resumir conte\u00fados, otimizar as tarefas, elaborar e analisar relat\u00f3rios, preparar reuni\u00f5es, construir websites, gerar conte\u00fado para redes sociais, diversas estrat\u00e9gias de neg\u00f3cios usando IA e muito mais. Gostou desse curso? Ent\u00e3o veja tamb\u00e9m o Curso de Sequ\u00eancia de Montagem de Computadores,, Introdu\u00e7\u00e3o [&hellip;]<\/p>\n","protected":false},"featured_media":0,"comment_status":"open","ping_status":"closed","template":"","meta":[],"product_brand":[],"product_cat":[225],"product_tag":[],"class_list":{"0":"post-86592","1":"product","2":"type-product","3":"status-publish","5":"product_cat-informatica","6":"post","8":"first","9":"instock","10":"virtual","11":"sold-individually","12":"product-type-simple"},"_links":{"self":[{"href":"https:\/\/treina.online\/index.php?rest_route=\/wp\/v2\/product\/86592","targetHints":{"allow":["GET"]}}],"collection":[{"href":"https:\/\/treina.online\/index.php?rest_route=\/wp\/v2\/product"}],"about":[{"href":"https:\/\/treina.online\/index.php?rest_route=\/wp\/v2\/types\/product"}],"replies":[{"embeddable":true,"href":"https:\/\/treina.online\/index.php?rest_route=%2Fwp%2Fv2%2Fcomments&post=86592"}],"version-history":[{"count":0,"href":"https:\/\/treina.online\/index.php?rest_route=\/wp\/v2\/product\/86592\/revisions"}],"wp:attachment":[{"href":"https:\/\/treina.online\/index.php?rest_route=%2Fwp%2Fv2%2Fmedia&parent=86592"}],"wp:term":[{"taxonomy":"product_brand","embeddable":true,"href":"https:\/\/treina.online\/index.php?rest_route=%2Fwp%2Fv2%2Fproduct_brand&post=86592"},{"taxonomy":"product_cat","embeddable":true,"href":"https:\/\/treina.online\/index.php?rest_route=%2Fwp%2Fv2%2Fproduct_cat&post=86592"},{"taxonomy":"product_tag","embeddable":true,"href":"https:\/\/treina.online\/index.php?rest_route=%2Fwp%2Fv2%2Fproduct_tag&post=86592"}],"curies":[{"name":"wp","href":"https:\/\/api.w.org\/{rel}","templated":true}]}}