{"id":86591,"date":"2024-09-04T16:14:57","date_gmt":"2024-09-04T19:14:57","guid":{"rendered":"https:\/\/ecursostreinaonline.com.br\/produto\/curso-de-bullying-e-cyberbullying-prevencao-e-protecao\/"},"modified":"2024-09-04T16:14:57","modified_gmt":"2024-09-04T19:14:57","slug":"curso-de-bullying-e-cyberbullying-prevencao-e-protecao","status":"publish","type":"product","link":"https:\/\/treina.online\/?product=curso-de-bullying-e-cyberbullying-prevencao-e-protecao","title":{"rendered":"Curso de Bullying e Cyberbullying: Preven\u00e7\u00e3o e Prote\u00e7\u00e3o"},"content":{"rendered":"<p>Voc\u00ea ver\u00e1 quais s\u00e3o os tipos de bullying, quais as consequ\u00eancias para os envolvidos, o papel dos pais e da escola, leis sobre bullying, ferramentas on-line de prote\u00e7\u00e3o e muito mais. Se voc\u00ea se interessou por esse, vai gostar tamb\u00e9m do Curso de Ensino e Aprendizagem 4.0,, Storytelling, e Psicopedagogia,.<\/p>\n<p>Sobre a carga hor\u00e1ria:<br \/>\nO curso possui 80 horas de carga hor\u00e1ria. Por\u00e9m, se for conclu\u00eddo antes de 5 dias, passa a ter 10 horas de carga hor\u00e1ria. Conforme nosso contrato e termos de uso.<\/p>\n","protected":false},"excerpt":{"rendered":"<p>Voc\u00ea ver\u00e1 quais s\u00e3o os tipos de bullying, quais as consequ\u00eancias para os envolvidos, o papel dos pais e da escola, leis sobre bullying, ferramentas on-line de prote\u00e7\u00e3o e muito mais. Se voc\u00ea se interessou por esse, vai gostar tamb\u00e9m do Curso de Ensino e Aprendizagem 4.0,, Storytelling, e Psicopedagogia,. Sobre a carga hor\u00e1ria: O curso possui 80 horas de [&hellip;]<\/p>\n","protected":false},"featured_media":0,"comment_status":"open","ping_status":"closed","template":"","meta":[],"product_brand":[],"product_cat":[213],"product_tag":[],"class_list":{"0":"post-86591","1":"product","2":"type-product","3":"status-publish","5":"product_cat-educacao-e-pedagogia","6":"post","8":"first","9":"instock","10":"virtual","11":"sold-individually","12":"product-type-simple"},"_links":{"self":[{"href":"https:\/\/treina.online\/index.php?rest_route=\/wp\/v2\/product\/86591","targetHints":{"allow":["GET"]}}],"collection":[{"href":"https:\/\/treina.online\/index.php?rest_route=\/wp\/v2\/product"}],"about":[{"href":"https:\/\/treina.online\/index.php?rest_route=\/wp\/v2\/types\/product"}],"replies":[{"embeddable":true,"href":"https:\/\/treina.online\/index.php?rest_route=%2Fwp%2Fv2%2Fcomments&post=86591"}],"version-history":[{"count":0,"href":"https:\/\/treina.online\/index.php?rest_route=\/wp\/v2\/product\/86591\/revisions"}],"wp:attachment":[{"href":"https:\/\/treina.online\/index.php?rest_route=%2Fwp%2Fv2%2Fmedia&parent=86591"}],"wp:term":[{"taxonomy":"product_brand","embeddable":true,"href":"https:\/\/treina.online\/index.php?rest_route=%2Fwp%2Fv2%2Fproduct_brand&post=86591"},{"taxonomy":"product_cat","embeddable":true,"href":"https:\/\/treina.online\/index.php?rest_route=%2Fwp%2Fv2%2Fproduct_cat&post=86591"},{"taxonomy":"product_tag","embeddable":true,"href":"https:\/\/treina.online\/index.php?rest_route=%2Fwp%2Fv2%2Fproduct_tag&post=86591"}],"curies":[{"name":"wp","href":"https:\/\/api.w.org\/{rel}","templated":true}]}}