{"id":86590,"date":"2024-09-04T16:14:57","date_gmt":"2024-09-04T19:14:57","guid":{"rendered":"https:\/\/ecursostreinaonline.com.br\/produto\/curso-de-branding\/"},"modified":"2024-09-04T16:14:57","modified_gmt":"2024-09-04T19:14:57","slug":"curso-de-branding","status":"publish","type":"product","link":"https:\/\/treina.online\/?product=curso-de-branding","title":{"rendered":"Curso de Branding"},"content":{"rendered":"<p>Voc\u00ea aprender\u00e1 qual a melhor forma de gerenciar uma marca, como seguir cada uma das etapas para a cria\u00e7\u00e3o de uma marca forte, bem como estabelecer um storytelling convincente, de qualidade e muito mais. Al\u00e9m disso temos tamb\u00e9m o Curso de Como Montar seu Pitch,, Marketing e o Mundo Globalizado, e Endomarketing,.<\/p>\n<p>Sobre a carga hor\u00e1ria:<br \/>\nO curso possui 80 horas de carga hor\u00e1ria. Por\u00e9m, se for conclu\u00eddo antes de 5 dias, passa a ter 10 horas de carga hor\u00e1ria. Conforme nosso contrato e termos de uso.<\/p>\n","protected":false},"excerpt":{"rendered":"<p>Voc\u00ea aprender\u00e1 qual a melhor forma de gerenciar uma marca, como seguir cada uma das etapas para a cria\u00e7\u00e3o de uma marca forte, bem como estabelecer um storytelling convincente, de qualidade e muito mais. Al\u00e9m disso temos tamb\u00e9m o Curso de Como Montar seu Pitch,, Marketing e o Mundo Globalizado, e Endomarketing,. Sobre a carga hor\u00e1ria: O curso possui 80 [&hellip;]<\/p>\n","protected":false},"featured_media":0,"comment_status":"open","ping_status":"closed","template":"","meta":[],"product_brand":[],"product_cat":[235],"product_tag":[],"class_list":{"0":"post-86590","1":"product","2":"type-product","3":"status-publish","5":"product_cat-publicidade-e-marketing","6":"post","8":"first","9":"instock","10":"virtual","11":"sold-individually","12":"product-type-simple"},"_links":{"self":[{"href":"https:\/\/treina.online\/index.php?rest_route=\/wp\/v2\/product\/86590","targetHints":{"allow":["GET"]}}],"collection":[{"href":"https:\/\/treina.online\/index.php?rest_route=\/wp\/v2\/product"}],"about":[{"href":"https:\/\/treina.online\/index.php?rest_route=\/wp\/v2\/types\/product"}],"replies":[{"embeddable":true,"href":"https:\/\/treina.online\/index.php?rest_route=%2Fwp%2Fv2%2Fcomments&post=86590"}],"version-history":[{"count":0,"href":"https:\/\/treina.online\/index.php?rest_route=\/wp\/v2\/product\/86590\/revisions"}],"wp:attachment":[{"href":"https:\/\/treina.online\/index.php?rest_route=%2Fwp%2Fv2%2Fmedia&parent=86590"}],"wp:term":[{"taxonomy":"product_brand","embeddable":true,"href":"https:\/\/treina.online\/index.php?rest_route=%2Fwp%2Fv2%2Fproduct_brand&post=86590"},{"taxonomy":"product_cat","embeddable":true,"href":"https:\/\/treina.online\/index.php?rest_route=%2Fwp%2Fv2%2Fproduct_cat&post=86590"},{"taxonomy":"product_tag","embeddable":true,"href":"https:\/\/treina.online\/index.php?rest_route=%2Fwp%2Fv2%2Fproduct_tag&post=86590"}],"curies":[{"name":"wp","href":"https:\/\/api.w.org\/{rel}","templated":true}]}}