{"id":86588,"date":"2024-09-04T16:14:51","date_gmt":"2024-09-04T19:14:51","guid":{"rendered":"https:\/\/ecursostreinaonline.com.br\/produto\/curso-de-autocad-2\/"},"modified":"2024-09-04T16:14:51","modified_gmt":"2024-09-04T19:14:51","slug":"curso-de-autocad-2","status":"publish","type":"product","link":"https:\/\/treina.online\/?product=curso-de-autocad-2","title":{"rendered":"Curso de AutoCAD"},"content":{"rendered":"<p>Voc\u00ea conhecer\u00e1 as principais ferramentas, como modificar linhas, criar e editar layers, aplica\u00e7\u00e3o de hachuras, inser\u00e7\u00e3o de blocos, escala nas viewports, estilos de plotagem, configura\u00e7\u00f5es de impress\u00f5es e muito mais. Gostou desse curso? Ent\u00e3o veja tamb\u00e9m o Curso de Introdu\u00e7\u00e3o ao Desenho Arquitet\u00f4nico,, Acessibilidade Arquitet\u00f4nica, e SketchUp para Arquitetura: Conceitos Fundamentais,.<\/p>\n<p>Sobre a carga hor\u00e1ria:<br \/>\nO curso possui 80 horas de carga hor\u00e1ria. Por\u00e9m, se for conclu\u00eddo antes de 5 dias, passa a ter 10 horas de carga hor\u00e1ria. Conforme nosso contrato e termos de uso.<\/p>\n","protected":false},"excerpt":{"rendered":"<p>Voc\u00ea conhecer\u00e1 as principais ferramentas, como modificar linhas, criar e editar layers, aplica\u00e7\u00e3o de hachuras, inser\u00e7\u00e3o de blocos, escala nas viewports, estilos de plotagem, configura\u00e7\u00f5es de impress\u00f5es e muito mais. Gostou desse curso? Ent\u00e3o veja tamb\u00e9m o Curso de Introdu\u00e7\u00e3o ao Desenho Arquitet\u00f4nico,, Acessibilidade Arquitet\u00f4nica, e SketchUp para Arquitetura: Conceitos Fundamentais,. Sobre a carga hor\u00e1ria: O curso possui 80 horas [&hellip;]<\/p>\n","protected":false},"featured_media":0,"comment_status":"open","ping_status":"closed","template":"","meta":[],"product_brand":[],"product_cat":[202],"product_tag":[],"class_list":{"0":"post-86588","1":"product","2":"type-product","3":"status-publish","5":"product_cat-arquitetura-e-engenharia","6":"post","8":"first","9":"instock","10":"virtual","11":"sold-individually","12":"product-type-simple"},"_links":{"self":[{"href":"https:\/\/treina.online\/index.php?rest_route=\/wp\/v2\/product\/86588","targetHints":{"allow":["GET"]}}],"collection":[{"href":"https:\/\/treina.online\/index.php?rest_route=\/wp\/v2\/product"}],"about":[{"href":"https:\/\/treina.online\/index.php?rest_route=\/wp\/v2\/types\/product"}],"replies":[{"embeddable":true,"href":"https:\/\/treina.online\/index.php?rest_route=%2Fwp%2Fv2%2Fcomments&post=86588"}],"version-history":[{"count":0,"href":"https:\/\/treina.online\/index.php?rest_route=\/wp\/v2\/product\/86588\/revisions"}],"wp:attachment":[{"href":"https:\/\/treina.online\/index.php?rest_route=%2Fwp%2Fv2%2Fmedia&parent=86588"}],"wp:term":[{"taxonomy":"product_brand","embeddable":true,"href":"https:\/\/treina.online\/index.php?rest_route=%2Fwp%2Fv2%2Fproduct_brand&post=86588"},{"taxonomy":"product_cat","embeddable":true,"href":"https:\/\/treina.online\/index.php?rest_route=%2Fwp%2Fv2%2Fproduct_cat&post=86588"},{"taxonomy":"product_tag","embeddable":true,"href":"https:\/\/treina.online\/index.php?rest_route=%2Fwp%2Fv2%2Fproduct_tag&post=86588"}],"curies":[{"name":"wp","href":"https:\/\/api.w.org\/{rel}","templated":true}]}}