{"id":86576,"date":"2024-09-04T16:14:45","date_gmt":"2024-09-04T19:14:45","guid":{"rendered":"https:\/\/ecursostreinaonline.com.br\/produto\/curso-de-administracao-estrategica-planejamento-e-processos\/"},"modified":"2024-09-04T16:14:45","modified_gmt":"2024-09-04T19:14:45","slug":"curso-de-administracao-estrategica-planejamento-e-processos","status":"publish","type":"product","link":"https:\/\/treina.online\/?product=curso-de-administracao-estrategica-planejamento-e-processos","title":{"rendered":"Curso de Administra\u00e7\u00e3o Estrat\u00e9gica: Planejamento e Processos"},"content":{"rendered":"<p>Voc\u00ea conhecer\u00e1 todas as fases de um planejamento estrat\u00e9gico, como implementar, roteiro de acompanhamento, estrutura\u00e7\u00e3o e tipos de processos, diversas ferramentas como An\u00e1lise SWOT, Matriz Ansoff, as 5 for\u00e7as de Porter, Matriz BCG e muito mais. Quem gosta desse curso tamb\u00e9m gosta do Curso de Administra\u00e7\u00e3o para Condom\u00ednios,, Introdu\u00e7\u00e3o ao Cargo de Auxiliar de Escrit\u00f3rio, e Gest\u00e3o de Processos,.<\/p>\n<p>Sobre a carga hor\u00e1ria:<br \/>\nO curso possui 80 horas de carga hor\u00e1ria. Por\u00e9m, se for conclu\u00eddo antes de 5 dias, passa a ter 10 horas de carga hor\u00e1ria. Conforme nosso contrato e termos de uso.<\/p>\n","protected":false},"excerpt":{"rendered":"<p>Voc\u00ea conhecer\u00e1 todas as fases de um planejamento estrat\u00e9gico, como implementar, roteiro de acompanhamento, estrutura\u00e7\u00e3o e tipos de processos, diversas ferramentas como An\u00e1lise SWOT, Matriz Ansoff, as 5 for\u00e7as de Porter, Matriz BCG e muito mais. Quem gosta desse curso tamb\u00e9m gosta do Curso de Administra\u00e7\u00e3o para Condom\u00ednios,, Introdu\u00e7\u00e3o ao Cargo de Auxiliar de Escrit\u00f3rio, e Gest\u00e3o de Processos,. Sobre [&hellip;]<\/p>\n","protected":false},"featured_media":0,"comment_status":"open","ping_status":"closed","template":"","meta":[],"product_brand":[],"product_cat":[199],"product_tag":[],"class_list":{"0":"post-86576","1":"product","2":"type-product","3":"status-publish","5":"product_cat-administracao","6":"post","8":"first","9":"instock","10":"virtual","11":"sold-individually","12":"product-type-simple"},"_links":{"self":[{"href":"https:\/\/treina.online\/index.php?rest_route=\/wp\/v2\/product\/86576","targetHints":{"allow":["GET"]}}],"collection":[{"href":"https:\/\/treina.online\/index.php?rest_route=\/wp\/v2\/product"}],"about":[{"href":"https:\/\/treina.online\/index.php?rest_route=\/wp\/v2\/types\/product"}],"replies":[{"embeddable":true,"href":"https:\/\/treina.online\/index.php?rest_route=%2Fwp%2Fv2%2Fcomments&post=86576"}],"version-history":[{"count":0,"href":"https:\/\/treina.online\/index.php?rest_route=\/wp\/v2\/product\/86576\/revisions"}],"wp:attachment":[{"href":"https:\/\/treina.online\/index.php?rest_route=%2Fwp%2Fv2%2Fmedia&parent=86576"}],"wp:term":[{"taxonomy":"product_brand","embeddable":true,"href":"https:\/\/treina.online\/index.php?rest_route=%2Fwp%2Fv2%2Fproduct_brand&post=86576"},{"taxonomy":"product_cat","embeddable":true,"href":"https:\/\/treina.online\/index.php?rest_route=%2Fwp%2Fv2%2Fproduct_cat&post=86576"},{"taxonomy":"product_tag","embeddable":true,"href":"https:\/\/treina.online\/index.php?rest_route=%2Fwp%2Fv2%2Fproduct_tag&post=86576"}],"curies":[{"name":"wp","href":"https:\/\/api.w.org\/{rel}","templated":true}]}}