{"id":18483,"date":"2021-06-08T13:07:38","date_gmt":"2021-06-08T16:07:38","guid":{"rendered":"http:\/\/ecursos.treinaonline.com\/?post_type=product&#038;p=18483"},"modified":"2024-09-08T10:49:48","modified_gmt":"2024-09-08T13:49:48","slug":"ecursos-curso-online-de-capacitacao-pessoal-e-profissional","status":"publish","type":"product","link":"https:\/\/treina.online\/?product=ecursos-curso-online-de-capacitacao-pessoal-e-profissional","title":{"rendered":"eCursos &#8211; Curso Online de Capacita\u00e7\u00e3o Pessoal e Profissional"},"content":{"rendered":"<p>Ap\u00f3s realizar a compra, voc\u00ea vai adquirir o\u00a0<strong>Passaporte do Conhecimento eCursos<\/strong>, nele cont\u00e9m um c\u00f3digo para ativar e escolher a <strong>UM ECURSOS.<\/strong><\/p>\n<p>Nosso objetivo \u00e9 fornecer conhecimento de qualidade de forma r\u00e1pida e objetiva, <strong>cada passaporte \u00e9 v\u00e1lido um eCursos.<\/strong><\/p>\n<p><strong>O Passaporte do Conhecimento ser\u00e1 enviado por e-mail ou whatsapp.<\/strong><\/p>\n<p><em>Perguntas Gerais:<\/em><\/p>\n<p>O que preciso ter para fazer o curso?<br \/>\nR: Com o c\u00f3digo de acesso, basta ter um computador com acesso a internet e navegador Google Chrome.<\/p>\n<p>O curso j\u00e1 est\u00e1 liberado?<br \/>\nR: No momento que se matricular, ele est\u00e1 dispon\u00edvel 24 horas por dia, 7 dias por semana.<\/p>\n<p>Qual o prazo para ativar o termo de ades\u00e3o?<br \/>\nR: Voc\u00ea tem um prazo de\u00a0<strong>6 meses a partir da data de emiss\u00e3o para ativar o curso e 30 dias para concluir o curso.<\/strong><\/p>\n<p>O curso tem certificado?<br \/>\nR: O\u00a0<strong>eCursos<\/strong>\u00a0gera o certificado para voc\u00ea, basta obter uma nota superior a 70% na avalia\u00e7\u00e3o. Voc\u00ea administra seu certificado, \u00e9 um certificado por curso.<\/p>\n<p>O certificado \u00e9 valido onde?<br \/>\nR: O certificado pode ser usado como atividade extras para faculdades, complemento de curr\u00edculo e para fins que exijam o conhecimento fornecido, na impress\u00e3o do certificado \u00e9 gerado um n\u00famero de identifica\u00e7\u00e3o, no site do\u00a0<strong>eCursos\u00a0<\/strong>basta digitar o n\u00famero para ter as informa\u00e7\u00f5es do curso.<\/p>\n<p>Obs: Consulte a institui\u00e7\u00e3o para saber se \u00e9 aceito este tipo de certificado.<\/p>\n","protected":false},"excerpt":{"rendered":"<p>Ap\u00f3s realizar a compra, voc\u00ea vai adquirir o\u00a0Passaporte do Conhecimento eCursos, nele cont\u00e9m um c\u00f3digo para ativar e escolher a UM ECURSOS. Nosso objetivo \u00e9 fornecer conhecimento de qualidade de forma r\u00e1pida e objetiva, cada passaporte \u00e9 v\u00e1lido um eCursos. O Passaporte do Conhecimento ser\u00e1 enviado por e-mail ou whatsapp. Perguntas Gerais: O que preciso ter para fazer o curso? [&hellip;]<\/p>\n","protected":false},"featured_media":18485,"comment_status":"open","ping_status":"closed","template":"","meta":[],"product_brand":[],"product_cat":[152],"product_tag":[],"class_list":{"0":"post-18483","1":"product","2":"type-product","3":"status-publish","4":"has-post-thumbnail","6":"product_cat-ecursos","7":"post","9":"first","10":"instock","11":"sale","12":"shipping-taxable","13":"product-type-simple"},"_links":{"self":[{"href":"https:\/\/treina.online\/index.php?rest_route=\/wp\/v2\/product\/18483","targetHints":{"allow":["GET"]}}],"collection":[{"href":"https:\/\/treina.online\/index.php?rest_route=\/wp\/v2\/product"}],"about":[{"href":"https:\/\/treina.online\/index.php?rest_route=\/wp\/v2\/types\/product"}],"replies":[{"embeddable":true,"href":"https:\/\/treina.online\/index.php?rest_route=%2Fwp%2Fv2%2Fcomments&post=18483"}],"version-history":[{"count":0,"href":"https:\/\/treina.online\/index.php?rest_route=\/wp\/v2\/product\/18483\/revisions"}],"wp:featuredmedia":[{"embeddable":true,"href":"https:\/\/treina.online\/index.php?rest_route=\/wp\/v2\/media\/18485"}],"wp:attachment":[{"href":"https:\/\/treina.online\/index.php?rest_route=%2Fwp%2Fv2%2Fmedia&parent=18483"}],"wp:term":[{"taxonomy":"product_brand","embeddable":true,"href":"https:\/\/treina.online\/index.php?rest_route=%2Fwp%2Fv2%2Fproduct_brand&post=18483"},{"taxonomy":"product_cat","embeddable":true,"href":"https:\/\/treina.online\/index.php?rest_route=%2Fwp%2Fv2%2Fproduct_cat&post=18483"},{"taxonomy":"product_tag","embeddable":true,"href":"https:\/\/treina.online\/index.php?rest_route=%2Fwp%2Fv2%2Fproduct_tag&post=18483"}],"curies":[{"name":"wp","href":"https:\/\/api.w.org\/{rel}","templated":true}]}}