{"id":17513,"date":"2021-01-24T18:16:14","date_gmt":"2021-01-24T20:16:14","guid":{"rendered":"http:\/\/ecursos.treinaonline.com\/produto\/curso-de-wordpress-completo\/"},"modified":"2021-01-24T18:16:14","modified_gmt":"2021-01-24T20:16:14","slug":"curso-de-wordpress-completo","status":"publish","type":"product","link":"https:\/\/treina.online\/?product=curso-de-wordpress-completo","title":{"rendered":"Curso de WordPress Completo"},"content":{"rendered":"<p>Voc\u00ea aprender\u00e1 a utilizar todos os recursos dispon\u00edveis para criar seus sites ou portais na internet. Aprendar\u00e1 a administrar os coment\u00e1rios feitos em sua p\u00e1gina, entender como evitar spams ou criar crit\u00e9rios para a publica\u00e7\u00e3o de coment\u00e1rios nos posts. Saiba adicionar usu\u00e1rios e gerenciar seus posts, al\u00e9m de incluir todos os links que achar \u00fateis para contribuir com o objetivo do seu site. Consiga inserir formul\u00e1rios necess\u00e1rios o preenchimento de informa\u00e7\u00f5es importantes, trabalhar com temas diferentes para construir a apresenta\u00e7\u00e3o da sua p\u00e1gina na web, incluindo diferentes imagens.<\/p>\n<p>Sobre a carga hor\u00e1ria:<br \/>\nO curso possui 80 horas de carga hor\u00e1ria. Por\u00e9m, se for conclu\u00eddo antes de 5 dias, passa a ter 10 horas de carga hor\u00e1ria. Conforme nosso contrato e termos de uso.<\/p>\n","protected":false},"excerpt":{"rendered":"<p>Voc\u00ea aprender\u00e1 a utilizar todos os recursos dispon\u00edveis para criar seus sites ou portais na internet. Aprendar\u00e1 a administrar os coment\u00e1rios feitos em sua p\u00e1gina, entender como evitar spams ou criar crit\u00e9rios para a publica\u00e7\u00e3o de coment\u00e1rios nos posts. Saiba adicionar usu\u00e1rios e gerenciar seus posts, al\u00e9m de incluir todos os links que achar \u00fateis para contribuir com o objetivo [&hellip;]<\/p>\n","protected":false},"featured_media":0,"comment_status":"open","ping_status":"closed","template":"","meta":[],"product_brand":[],"product_cat":[225],"product_tag":[],"class_list":{"0":"post-17513","1":"product","2":"type-product","3":"status-publish","5":"product_cat-informatica","6":"post","8":"first","9":"instock","10":"virtual","11":"sold-individually","12":"product-type-simple"},"_links":{"self":[{"href":"https:\/\/treina.online\/index.php?rest_route=\/wp\/v2\/product\/17513","targetHints":{"allow":["GET"]}}],"collection":[{"href":"https:\/\/treina.online\/index.php?rest_route=\/wp\/v2\/product"}],"about":[{"href":"https:\/\/treina.online\/index.php?rest_route=\/wp\/v2\/types\/product"}],"replies":[{"embeddable":true,"href":"https:\/\/treina.online\/index.php?rest_route=%2Fwp%2Fv2%2Fcomments&post=17513"}],"version-history":[{"count":0,"href":"https:\/\/treina.online\/index.php?rest_route=\/wp\/v2\/product\/17513\/revisions"}],"wp:attachment":[{"href":"https:\/\/treina.online\/index.php?rest_route=%2Fwp%2Fv2%2Fmedia&parent=17513"}],"wp:term":[{"taxonomy":"product_brand","embeddable":true,"href":"https:\/\/treina.online\/index.php?rest_route=%2Fwp%2Fv2%2Fproduct_brand&post=17513"},{"taxonomy":"product_cat","embeddable":true,"href":"https:\/\/treina.online\/index.php?rest_route=%2Fwp%2Fv2%2Fproduct_cat&post=17513"},{"taxonomy":"product_tag","embeddable":true,"href":"https:\/\/treina.online\/index.php?rest_route=%2Fwp%2Fv2%2Fproduct_tag&post=17513"}],"curies":[{"name":"wp","href":"https:\/\/api.w.org\/{rel}","templated":true}]}}