{"id":17510,"date":"2021-01-24T18:16:12","date_gmt":"2021-01-24T20:16:12","guid":{"rendered":"http:\/\/ecursos.treinaonline.com\/produto\/curso-de-web-design-responsivo-avancado-mobile-first\/"},"modified":"2021-01-24T18:16:12","modified_gmt":"2021-01-24T20:16:12","slug":"curso-de-web-design-responsivo-avancado-mobile-first","status":"publish","type":"product","link":"https:\/\/treina.online\/?product=curso-de-web-design-responsivo-avancado-mobile-first","title":{"rendered":"Curso de Web Design Responsivo Avan\u00e7ado &#8211; Mobile First"},"content":{"rendered":"<p>Voc\u00ea aprende toda a parte conceitual e o que realmente separa Design Responsivo de Mobile First. Al\u00e9m disso, aprender\u00e1 tudo isso em um projeto real e com um detalhe \u00edmpar: Bootstrap. Todo nosso projeto ser\u00e1 com o framework mais utilizado no momento (Bootstrap), facilitando a cria\u00e7\u00e3o e evitando a cria\u00e7\u00e3o de todas as regras de Media Query que tanto dificultam a produtividade em um projeto.<\/p>\n<p>Sobre a carga hor\u00e1ria:<br \/>\nO curso possui 80 horas de carga hor\u00e1ria. Por\u00e9m, se for conclu\u00eddo antes de 5 dias, passa a ter 10 horas de carga hor\u00e1ria. Conforme nosso contrato e termos de uso.<\/p>\n","protected":false},"excerpt":{"rendered":"<p>Voc\u00ea aprende toda a parte conceitual e o que realmente separa Design Responsivo de Mobile First. Al\u00e9m disso, aprender\u00e1 tudo isso em um projeto real e com um detalhe \u00edmpar: Bootstrap. Todo nosso projeto ser\u00e1 com o framework mais utilizado no momento (Bootstrap), facilitando a cria\u00e7\u00e3o e evitando a cria\u00e7\u00e3o de todas as regras de Media Query que tanto dificultam [&hellip;]<\/p>\n","protected":false},"featured_media":0,"comment_status":"open","ping_status":"closed","template":"","meta":[],"product_brand":[],"product_cat":[233],"product_tag":[],"class_list":{"0":"post-17510","1":"product","2":"type-product","3":"status-publish","5":"product_cat-programacao-e-desenvolvimento","6":"post","8":"first","9":"instock","10":"virtual","11":"sold-individually","12":"product-type-simple"},"_links":{"self":[{"href":"https:\/\/treina.online\/index.php?rest_route=\/wp\/v2\/product\/17510","targetHints":{"allow":["GET"]}}],"collection":[{"href":"https:\/\/treina.online\/index.php?rest_route=\/wp\/v2\/product"}],"about":[{"href":"https:\/\/treina.online\/index.php?rest_route=\/wp\/v2\/types\/product"}],"replies":[{"embeddable":true,"href":"https:\/\/treina.online\/index.php?rest_route=%2Fwp%2Fv2%2Fcomments&post=17510"}],"version-history":[{"count":0,"href":"https:\/\/treina.online\/index.php?rest_route=\/wp\/v2\/product\/17510\/revisions"}],"wp:attachment":[{"href":"https:\/\/treina.online\/index.php?rest_route=%2Fwp%2Fv2%2Fmedia&parent=17510"}],"wp:term":[{"taxonomy":"product_brand","embeddable":true,"href":"https:\/\/treina.online\/index.php?rest_route=%2Fwp%2Fv2%2Fproduct_brand&post=17510"},{"taxonomy":"product_cat","embeddable":true,"href":"https:\/\/treina.online\/index.php?rest_route=%2Fwp%2Fv2%2Fproduct_cat&post=17510"},{"taxonomy":"product_tag","embeddable":true,"href":"https:\/\/treina.online\/index.php?rest_route=%2Fwp%2Fv2%2Fproduct_tag&post=17510"}],"curies":[{"name":"wp","href":"https:\/\/api.w.org\/{rel}","templated":true}]}}