{"id":17508,"date":"2021-01-24T18:16:10","date_gmt":"2021-01-24T20:16:10","guid":{"rendered":"http:\/\/ecursos.treinaonline.com\/produto\/curso-de-violao-para-iniciantes-introducao\/"},"modified":"2021-01-24T18:16:10","modified_gmt":"2021-01-24T20:16:10","slug":"curso-de-violao-para-iniciantes-introducao","status":"publish","type":"product","link":"https:\/\/treina.online\/?product=curso-de-violao-para-iniciantes-introducao","title":{"rendered":"Curso de Viol\u00e3o para Iniciantes: Introdu\u00e7\u00e3o"},"content":{"rendered":"<p>Ensina Par\u00e2metros do som, O funcionamento do viol\u00e3o, A primeira m\u00fasica no viol\u00e3o, Primeiro dedilhado, Repert\u00f3rio: \u0093Estudo n\u00ba2\u0094, Exerc\u00edcio b\u00e1sico de digita\u00e7\u00e3o, A escala maior no viol\u00e3o e \u0093Samba de Uma Nota S\u00f3\u0094.<\/p>\n<p>Sobre a carga hor\u00e1ria:<br \/>\nO curso possui 10 horas de carga hor\u00e1ria.<\/p>\n","protected":false},"excerpt":{"rendered":"<p>Ensina Par\u00e2metros do som, O funcionamento do viol\u00e3o, A primeira m\u00fasica no viol\u00e3o, Primeiro dedilhado, Repert\u00f3rio: \u0093Estudo n\u00ba2\u0094, Exerc\u00edcio b\u00e1sico de digita\u00e7\u00e3o, A escala maior no viol\u00e3o e \u0093Samba de Uma Nota S\u00f3\u0094. Sobre a carga hor\u00e1ria: O curso possui 10 horas de carga hor\u00e1ria.<\/p>\n","protected":false},"featured_media":0,"comment_status":"open","ping_status":"closed","template":"","meta":[],"product_brand":[],"product_cat":[230],"product_tag":[],"class_list":{"0":"post-17508","1":"product","2":"type-product","3":"status-publish","5":"product_cat-musica-e-instrumentos","6":"post","8":"first","9":"instock","10":"virtual","11":"sold-individually","12":"product-type-simple"},"_links":{"self":[{"href":"https:\/\/treina.online\/index.php?rest_route=\/wp\/v2\/product\/17508","targetHints":{"allow":["GET"]}}],"collection":[{"href":"https:\/\/treina.online\/index.php?rest_route=\/wp\/v2\/product"}],"about":[{"href":"https:\/\/treina.online\/index.php?rest_route=\/wp\/v2\/types\/product"}],"replies":[{"embeddable":true,"href":"https:\/\/treina.online\/index.php?rest_route=%2Fwp%2Fv2%2Fcomments&post=17508"}],"version-history":[{"count":0,"href":"https:\/\/treina.online\/index.php?rest_route=\/wp\/v2\/product\/17508\/revisions"}],"wp:attachment":[{"href":"https:\/\/treina.online\/index.php?rest_route=%2Fwp%2Fv2%2Fmedia&parent=17508"}],"wp:term":[{"taxonomy":"product_brand","embeddable":true,"href":"https:\/\/treina.online\/index.php?rest_route=%2Fwp%2Fv2%2Fproduct_brand&post=17508"},{"taxonomy":"product_cat","embeddable":true,"href":"https:\/\/treina.online\/index.php?rest_route=%2Fwp%2Fv2%2Fproduct_cat&post=17508"},{"taxonomy":"product_tag","embeddable":true,"href":"https:\/\/treina.online\/index.php?rest_route=%2Fwp%2Fv2%2Fproduct_tag&post=17508"}],"curies":[{"name":"wp","href":"https:\/\/api.w.org\/{rel}","templated":true}]}}