{"id":17501,"date":"2021-01-24T18:16:05","date_gmt":"2021-01-24T20:16:05","guid":{"rendered":"http:\/\/ecursos.treinaonline.com\/produto\/curso-de-verrines-doces\/"},"modified":"2021-01-24T18:16:05","modified_gmt":"2021-01-24T20:16:05","slug":"curso-de-verrines-doces","status":"publish","type":"product","link":"https:\/\/treina.online\/?product=curso-de-verrines-doces","title":{"rendered":"Curso de Verrines Doces"},"content":{"rendered":"<p>Apresenta a fazer deliciosos verrines doces como o verrine de lim\u00e3o siciliano e vinho do Porto, verrine de morango e champagne, verrine de abacaxi, coco e hortel\u00e3, verrine de pistache, frutas vermelhas e creme de baunilha, muitos outros al\u00e9m de mostrar incr\u00edveis ideias de como montar verrines.<\/p>\n<p>Sobre a carga hor\u00e1ria:<br \/>\nO curso possui 80 horas de carga hor\u00e1ria. Por\u00e9m, se for conclu\u00eddo antes de 5 dias, passa a ter 10 horas de carga hor\u00e1ria. Conforme nosso contrato e termos de uso.<\/p>\n","protected":false},"excerpt":{"rendered":"<p>Apresenta a fazer deliciosos verrines doces como o verrine de lim\u00e3o siciliano e vinho do Porto, verrine de morango e champagne, verrine de abacaxi, coco e hortel\u00e3, verrine de pistache, frutas vermelhas e creme de baunilha, muitos outros al\u00e9m de mostrar incr\u00edveis ideias de como montar verrines. Sobre a carga hor\u00e1ria: O curso possui 80 horas de carga hor\u00e1ria. Por\u00e9m, [&hellip;]<\/p>\n","protected":false},"featured_media":0,"comment_status":"open","ping_status":"closed","template":"","meta":[],"product_brand":[],"product_cat":[212],"product_tag":[],"class_list":{"0":"post-17501","1":"product","2":"type-product","3":"status-publish","5":"product_cat-doces-e-confeitaria","6":"post","8":"first","9":"instock","10":"virtual","11":"sold-individually","12":"product-type-simple"},"_links":{"self":[{"href":"https:\/\/treina.online\/index.php?rest_route=\/wp\/v2\/product\/17501","targetHints":{"allow":["GET"]}}],"collection":[{"href":"https:\/\/treina.online\/index.php?rest_route=\/wp\/v2\/product"}],"about":[{"href":"https:\/\/treina.online\/index.php?rest_route=\/wp\/v2\/types\/product"}],"replies":[{"embeddable":true,"href":"https:\/\/treina.online\/index.php?rest_route=%2Fwp%2Fv2%2Fcomments&post=17501"}],"version-history":[{"count":0,"href":"https:\/\/treina.online\/index.php?rest_route=\/wp\/v2\/product\/17501\/revisions"}],"wp:attachment":[{"href":"https:\/\/treina.online\/index.php?rest_route=%2Fwp%2Fv2%2Fmedia&parent=17501"}],"wp:term":[{"taxonomy":"product_brand","embeddable":true,"href":"https:\/\/treina.online\/index.php?rest_route=%2Fwp%2Fv2%2Fproduct_brand&post=17501"},{"taxonomy":"product_cat","embeddable":true,"href":"https:\/\/treina.online\/index.php?rest_route=%2Fwp%2Fv2%2Fproduct_cat&post=17501"},{"taxonomy":"product_tag","embeddable":true,"href":"https:\/\/treina.online\/index.php?rest_route=%2Fwp%2Fv2%2Fproduct_tag&post=17501"}],"curies":[{"name":"wp","href":"https:\/\/api.w.org\/{rel}","templated":true}]}}