{"id":17500,"date":"2021-01-24T18:16:04","date_gmt":"2021-01-24T20:16:04","guid":{"rendered":"http:\/\/ecursos.treinaonline.com\/produto\/curso-de-variacoes-linguisticas-para-o-enem\/"},"modified":"2021-01-24T18:16:04","modified_gmt":"2021-01-24T20:16:04","slug":"curso-de-variacoes-linguisticas-para-o-enem","status":"publish","type":"product","link":"https:\/\/treina.online\/?product=curso-de-variacoes-linguisticas-para-o-enem","title":{"rendered":"Curso de Varia\u00e7\u00f5es Lingu\u00edsticas para o ENEM"},"content":{"rendered":"<p>Aborda Introdu\u00e7\u00e3o a Varia\u00e7\u00e3o Lingu\u00edstica, Tipos de Varia\u00e7\u00f5es Lingu\u00edsticas e Preconceito Lingu\u00edstico.<\/p>\n<p>Sobre a carga hor\u00e1ria:<br \/>\nO curso possui 10 horas de carga hor\u00e1ria.<\/p>\n","protected":false},"excerpt":{"rendered":"<p>Aborda Introdu\u00e7\u00e3o a Varia\u00e7\u00e3o Lingu\u00edstica, Tipos de Varia\u00e7\u00f5es Lingu\u00edsticas e Preconceito Lingu\u00edstico. Sobre a carga hor\u00e1ria: O curso possui 10 horas de carga hor\u00e1ria.<\/p>\n","protected":false},"featured_media":0,"comment_status":"open","ping_status":"closed","template":"","meta":[],"product_brand":[],"product_cat":[210],"product_tag":[],"class_list":{"0":"post-17500","1":"product","2":"type-product","3":"status-publish","5":"product_cat-cursinho-pre-vestibular","6":"post","8":"first","9":"instock","10":"virtual","11":"sold-individually","12":"product-type-simple"},"_links":{"self":[{"href":"https:\/\/treina.online\/index.php?rest_route=\/wp\/v2\/product\/17500","targetHints":{"allow":["GET"]}}],"collection":[{"href":"https:\/\/treina.online\/index.php?rest_route=\/wp\/v2\/product"}],"about":[{"href":"https:\/\/treina.online\/index.php?rest_route=\/wp\/v2\/types\/product"}],"replies":[{"embeddable":true,"href":"https:\/\/treina.online\/index.php?rest_route=%2Fwp%2Fv2%2Fcomments&post=17500"}],"version-history":[{"count":0,"href":"https:\/\/treina.online\/index.php?rest_route=\/wp\/v2\/product\/17500\/revisions"}],"wp:attachment":[{"href":"https:\/\/treina.online\/index.php?rest_route=%2Fwp%2Fv2%2Fmedia&parent=17500"}],"wp:term":[{"taxonomy":"product_brand","embeddable":true,"href":"https:\/\/treina.online\/index.php?rest_route=%2Fwp%2Fv2%2Fproduct_brand&post=17500"},{"taxonomy":"product_cat","embeddable":true,"href":"https:\/\/treina.online\/index.php?rest_route=%2Fwp%2Fv2%2Fproduct_cat&post=17500"},{"taxonomy":"product_tag","embeddable":true,"href":"https:\/\/treina.online\/index.php?rest_route=%2Fwp%2Fv2%2Fproduct_tag&post=17500"}],"curies":[{"name":"wp","href":"https:\/\/api.w.org\/{rel}","templated":true}]}}