{"id":17499,"date":"2021-01-24T18:15:59","date_gmt":"2021-01-24T20:15:59","guid":{"rendered":"http:\/\/ecursos.treinaonline.com\/produto\/curso-de-v-ray\/"},"modified":"2021-01-24T18:15:59","modified_gmt":"2021-01-24T20:15:59","slug":"curso-de-v-ray","status":"publish","type":"product","link":"https:\/\/treina.online\/?product=curso-de-v-ray","title":{"rendered":"Curso de V-Ray"},"content":{"rendered":"<p>Aborda sobre esse renderizador de SketchUp, abrir todas as abas e mostrar o que \u00e9 realmente importante modificar, ou seja, aprender o necess\u00e1rio para fazer um render perfeito, todos os tipos de luzes, como trabalhar o material para ficar foto-real\u00edstico e como finalizar a imagem.<\/p>\n<p>Sobre a carga hor\u00e1ria:<br \/>\nO curso possui 80 horas de carga hor\u00e1ria. Por\u00e9m, se for conclu\u00eddo antes de 5 dias, passa a ter 10 horas de carga hor\u00e1ria. Conforme nosso contrato e termos de uso.<\/p>\n","protected":false},"excerpt":{"rendered":"<p>Aborda sobre esse renderizador de SketchUp, abrir todas as abas e mostrar o que \u00e9 realmente importante modificar, ou seja, aprender o necess\u00e1rio para fazer um render perfeito, todos os tipos de luzes, como trabalhar o material para ficar foto-real\u00edstico e como finalizar a imagem. Sobre a carga hor\u00e1ria: O curso possui 80 horas de carga hor\u00e1ria. Por\u00e9m, se for [&hellip;]<\/p>\n","protected":false},"featured_media":0,"comment_status":"open","ping_status":"closed","template":"","meta":[],"product_brand":[],"product_cat":[202],"product_tag":[],"class_list":{"0":"post-17499","1":"product","2":"type-product","3":"status-publish","5":"product_cat-arquitetura-e-engenharia","6":"post","8":"first","9":"instock","10":"virtual","11":"sold-individually","12":"product-type-simple"},"_links":{"self":[{"href":"https:\/\/treina.online\/index.php?rest_route=\/wp\/v2\/product\/17499","targetHints":{"allow":["GET"]}}],"collection":[{"href":"https:\/\/treina.online\/index.php?rest_route=\/wp\/v2\/product"}],"about":[{"href":"https:\/\/treina.online\/index.php?rest_route=\/wp\/v2\/types\/product"}],"replies":[{"embeddable":true,"href":"https:\/\/treina.online\/index.php?rest_route=%2Fwp%2Fv2%2Fcomments&post=17499"}],"version-history":[{"count":0,"href":"https:\/\/treina.online\/index.php?rest_route=\/wp\/v2\/product\/17499\/revisions"}],"wp:attachment":[{"href":"https:\/\/treina.online\/index.php?rest_route=%2Fwp%2Fv2%2Fmedia&parent=17499"}],"wp:term":[{"taxonomy":"product_brand","embeddable":true,"href":"https:\/\/treina.online\/index.php?rest_route=%2Fwp%2Fv2%2Fproduct_brand&post=17499"},{"taxonomy":"product_cat","embeddable":true,"href":"https:\/\/treina.online\/index.php?rest_route=%2Fwp%2Fv2%2Fproduct_cat&post=17499"},{"taxonomy":"product_tag","embeddable":true,"href":"https:\/\/treina.online\/index.php?rest_route=%2Fwp%2Fv2%2Fproduct_tag&post=17499"}],"curies":[{"name":"wp","href":"https:\/\/api.w.org\/{rel}","templated":true}]}}