{"id":17495,"date":"2021-01-24T18:15:55","date_gmt":"2021-01-24T20:15:55","guid":{"rendered":"http:\/\/ecursos.treinaonline.com\/produto\/curso-de-unhas-artisticas\/"},"modified":"2021-01-24T18:15:55","modified_gmt":"2021-01-24T20:15:55","slug":"curso-de-unhas-artisticas","status":"publish","type":"product","link":"https:\/\/treina.online\/?product=curso-de-unhas-artisticas","title":{"rendered":"Curso de Unhas Art\u00edsticas"},"content":{"rendered":"<p>Apresenta os mais variados modelos desde francesinha, inglesinha, meia-lua. Aplica\u00e7\u00f5es de strass, spikes, unhas caviar e pel\u00facia. Desenhos como borboletas, flores e joaninhas. Unhas \u00e9tnicas, animal print e todas as tend\u00eancias do mundo da moda das unhas.<\/p>\n<p>Sobre a carga hor\u00e1ria:<br \/>\nO curso possui 80 horas de carga hor\u00e1ria. Por\u00e9m, se for conclu\u00eddo antes de 5 dias, passa a ter 10 horas de carga hor\u00e1ria. Conforme nosso contrato e termos de uso.<\/p>\n","protected":false},"excerpt":{"rendered":"<p>Apresenta os mais variados modelos desde francesinha, inglesinha, meia-lua. Aplica\u00e7\u00f5es de strass, spikes, unhas caviar e pel\u00facia. Desenhos como borboletas, flores e joaninhas. Unhas \u00e9tnicas, animal print e todas as tend\u00eancias do mundo da moda das unhas. Sobre a carga hor\u00e1ria: O curso possui 80 horas de carga hor\u00e1ria. Por\u00e9m, se for conclu\u00eddo antes de 5 dias, passa a ter [&hellip;]<\/p>\n","protected":false},"featured_media":0,"comment_status":"open","ping_status":"closed","template":"","meta":[],"product_brand":[],"product_cat":[217],"product_tag":[],"class_list":{"0":"post-17495","1":"product","2":"type-product","3":"status-publish","5":"product_cat-estetica-e-beleza","6":"post","8":"first","9":"instock","10":"virtual","11":"sold-individually","12":"product-type-simple"},"_links":{"self":[{"href":"https:\/\/treina.online\/index.php?rest_route=\/wp\/v2\/product\/17495","targetHints":{"allow":["GET"]}}],"collection":[{"href":"https:\/\/treina.online\/index.php?rest_route=\/wp\/v2\/product"}],"about":[{"href":"https:\/\/treina.online\/index.php?rest_route=\/wp\/v2\/types\/product"}],"replies":[{"embeddable":true,"href":"https:\/\/treina.online\/index.php?rest_route=%2Fwp%2Fv2%2Fcomments&post=17495"}],"version-history":[{"count":0,"href":"https:\/\/treina.online\/index.php?rest_route=\/wp\/v2\/product\/17495\/revisions"}],"wp:attachment":[{"href":"https:\/\/treina.online\/index.php?rest_route=%2Fwp%2Fv2%2Fmedia&parent=17495"}],"wp:term":[{"taxonomy":"product_brand","embeddable":true,"href":"https:\/\/treina.online\/index.php?rest_route=%2Fwp%2Fv2%2Fproduct_brand&post=17495"},{"taxonomy":"product_cat","embeddable":true,"href":"https:\/\/treina.online\/index.php?rest_route=%2Fwp%2Fv2%2Fproduct_cat&post=17495"},{"taxonomy":"product_tag","embeddable":true,"href":"https:\/\/treina.online\/index.php?rest_route=%2Fwp%2Fv2%2Fproduct_tag&post=17495"}],"curies":[{"name":"wp","href":"https:\/\/api.w.org\/{rel}","templated":true}]}}