{"id":17488,"date":"2021-01-24T18:15:45","date_gmt":"2021-01-24T20:15:45","guid":{"rendered":"http:\/\/ecursos.treinaonline.com\/produto\/curso-de-transformando-lixo-em-luxo\/"},"modified":"2021-01-24T18:15:45","modified_gmt":"2021-01-24T20:15:45","slug":"curso-de-transformando-lixo-em-luxo","status":"publish","type":"product","link":"https:\/\/treina.online\/?product=curso-de-transformando-lixo-em-luxo","title":{"rendered":"Curso de Transformando Lixo em Luxo"},"content":{"rendered":"<p>Apresenta diversas t\u00e9cnicas de reciclagem, transformando material sem utiliza\u00e7\u00e3o em pe\u00e7as in\u00e9ditas de forma f\u00e1cil, r\u00e1pida e que pode ser colocada em pr\u00e1tica por qualquer pessoa.<\/p>\n<p>Sobre a carga hor\u00e1ria:<br \/>\nO curso possui 80 horas de carga hor\u00e1ria. Por\u00e9m, se for conclu\u00eddo antes de 5 dias, passa a ter 10 horas de carga hor\u00e1ria. Conforme nosso contrato e termos de uso.<\/p>\n","protected":false},"excerpt":{"rendered":"<p>Apresenta diversas t\u00e9cnicas de reciclagem, transformando material sem utiliza\u00e7\u00e3o em pe\u00e7as in\u00e9ditas de forma f\u00e1cil, r\u00e1pida e que pode ser colocada em pr\u00e1tica por qualquer pessoa. Sobre a carga hor\u00e1ria: O curso possui 80 horas de carga hor\u00e1ria. Por\u00e9m, se for conclu\u00eddo antes de 5 dias, passa a ter 10 horas de carga hor\u00e1ria. Conforme nosso contrato e termos de [&hellip;]<\/p>\n","protected":false},"featured_media":0,"comment_status":"open","ping_status":"closed","template":"","meta":[],"product_brand":[],"product_cat":[203],"product_tag":[],"class_list":{"0":"post-17488","1":"product","2":"type-product","3":"status-publish","5":"product_cat-artesanato","6":"post","8":"first","9":"instock","10":"virtual","11":"sold-individually","12":"product-type-simple"},"_links":{"self":[{"href":"https:\/\/treina.online\/index.php?rest_route=\/wp\/v2\/product\/17488","targetHints":{"allow":["GET"]}}],"collection":[{"href":"https:\/\/treina.online\/index.php?rest_route=\/wp\/v2\/product"}],"about":[{"href":"https:\/\/treina.online\/index.php?rest_route=\/wp\/v2\/types\/product"}],"replies":[{"embeddable":true,"href":"https:\/\/treina.online\/index.php?rest_route=%2Fwp%2Fv2%2Fcomments&post=17488"}],"version-history":[{"count":0,"href":"https:\/\/treina.online\/index.php?rest_route=\/wp\/v2\/product\/17488\/revisions"}],"wp:attachment":[{"href":"https:\/\/treina.online\/index.php?rest_route=%2Fwp%2Fv2%2Fmedia&parent=17488"}],"wp:term":[{"taxonomy":"product_brand","embeddable":true,"href":"https:\/\/treina.online\/index.php?rest_route=%2Fwp%2Fv2%2Fproduct_brand&post=17488"},{"taxonomy":"product_cat","embeddable":true,"href":"https:\/\/treina.online\/index.php?rest_route=%2Fwp%2Fv2%2Fproduct_cat&post=17488"},{"taxonomy":"product_tag","embeddable":true,"href":"https:\/\/treina.online\/index.php?rest_route=%2Fwp%2Fv2%2Fproduct_tag&post=17488"}],"curies":[{"name":"wp","href":"https:\/\/api.w.org\/{rel}","templated":true}]}}