{"id":17483,"date":"2021-01-24T18:15:38","date_gmt":"2021-01-24T20:15:38","guid":{"rendered":"http:\/\/ecursos.treinaonline.com\/produto\/curso-de-textos-tabulacoes-e-tabelas-com-indesign-cs5-5\/"},"modified":"2021-01-24T18:15:38","modified_gmt":"2021-01-24T20:15:38","slug":"curso-de-textos-tabulacoes-e-tabelas-com-indesign-cs5-5","status":"publish","type":"product","link":"https:\/\/treina.online\/?product=curso-de-textos-tabulacoes-e-tabelas-com-indesign-cs5-5","title":{"rendered":"Curso de Textos, Tabula\u00e7\u00f5es e Tabelas com Indesign CS5.5"},"content":{"rendered":"<p>Aborda Formata\u00e7\u00e3o de Textos, Tabula\u00e7\u00e3o, Marcadores e Notas de Rodap\u00e9, Alinhando e Colorindo o texto, Trabalhando com Objetos no Texto, Estilos e Inserindo Tabelas.<\/p>\n<p>Sobre a carga hor\u00e1ria:<br \/>\nO curso possui 10 horas de carga hor\u00e1ria.<\/p>\n","protected":false},"excerpt":{"rendered":"<p>Aborda Formata\u00e7\u00e3o de Textos, Tabula\u00e7\u00e3o, Marcadores e Notas de Rodap\u00e9, Alinhando e Colorindo o texto, Trabalhando com Objetos no Texto, Estilos e Inserindo Tabelas. Sobre a carga hor\u00e1ria: O curso possui 10 horas de carga hor\u00e1ria.<\/p>\n","protected":false},"featured_media":0,"comment_status":"open","ping_status":"closed","template":"","meta":[],"product_brand":[],"product_cat":[201],"product_tag":[],"class_list":{"0":"post-17483","1":"product","2":"type-product","3":"status-publish","5":"product_cat-animacoes-e-design","6":"post","8":"first","9":"instock","10":"virtual","11":"sold-individually","12":"product-type-simple"},"_links":{"self":[{"href":"https:\/\/treina.online\/index.php?rest_route=\/wp\/v2\/product\/17483","targetHints":{"allow":["GET"]}}],"collection":[{"href":"https:\/\/treina.online\/index.php?rest_route=\/wp\/v2\/product"}],"about":[{"href":"https:\/\/treina.online\/index.php?rest_route=\/wp\/v2\/types\/product"}],"replies":[{"embeddable":true,"href":"https:\/\/treina.online\/index.php?rest_route=%2Fwp%2Fv2%2Fcomments&post=17483"}],"version-history":[{"count":0,"href":"https:\/\/treina.online\/index.php?rest_route=\/wp\/v2\/product\/17483\/revisions"}],"wp:attachment":[{"href":"https:\/\/treina.online\/index.php?rest_route=%2Fwp%2Fv2%2Fmedia&parent=17483"}],"wp:term":[{"taxonomy":"product_brand","embeddable":true,"href":"https:\/\/treina.online\/index.php?rest_route=%2Fwp%2Fv2%2Fproduct_brand&post=17483"},{"taxonomy":"product_cat","embeddable":true,"href":"https:\/\/treina.online\/index.php?rest_route=%2Fwp%2Fv2%2Fproduct_cat&post=17483"},{"taxonomy":"product_tag","embeddable":true,"href":"https:\/\/treina.online\/index.php?rest_route=%2Fwp%2Fv2%2Fproduct_tag&post=17483"}],"curies":[{"name":"wp","href":"https:\/\/api.w.org\/{rel}","templated":true}]}}