{"id":17476,"date":"2021-01-24T18:15:27","date_gmt":"2021-01-24T20:15:27","guid":{"rendered":"http:\/\/ecursos.treinaonline.com\/produto\/curso-de-tecnicas-de-vendas\/"},"modified":"2021-01-24T18:15:27","modified_gmt":"2021-01-24T20:15:27","slug":"curso-de-tecnicas-de-vendas","status":"publish","type":"product","link":"https:\/\/treina.online\/?product=curso-de-tecnicas-de-vendas","title":{"rendered":"Curso de T\u00e9cnicas de Vendas"},"content":{"rendered":"<p>Voc\u00ea aprende sobre as etapas do planejamento de uma venda de sucesso, quais s\u00e3o as principais fases e estilos de negocia\u00e7\u00e3o, como se comunicar de forma eficiente com seu p\u00fablico-alvo, como construir a marca pessoal em vendas e muito mais.<\/p>\n<p>Sobre a carga hor\u00e1ria:<br \/>\nO curso possui 80 horas de carga hor\u00e1ria. Por\u00e9m, se for conclu\u00eddo antes de 5 dias, passa a ter 10 horas de carga hor\u00e1ria. Conforme nosso contrato e termos de uso.<\/p>\n","protected":false},"excerpt":{"rendered":"<p>Voc\u00ea aprende sobre as etapas do planejamento de uma venda de sucesso, quais s\u00e3o as principais fases e estilos de negocia\u00e7\u00e3o, como se comunicar de forma eficiente com seu p\u00fablico-alvo, como construir a marca pessoal em vendas e muito mais. Sobre a carga hor\u00e1ria: O curso possui 80 horas de carga hor\u00e1ria. Por\u00e9m, se for conclu\u00eddo antes de 5 dias, [&hellip;]<\/p>\n","protected":false},"featured_media":0,"comment_status":"open","ping_status":"closed","template":"","meta":[],"product_brand":[],"product_cat":[237],"product_tag":[],"class_list":{"0":"post-17476","1":"product","2":"type-product","3":"status-publish","5":"product_cat-vendas","6":"post","8":"first","9":"instock","10":"virtual","11":"sold-individually","12":"product-type-simple"},"_links":{"self":[{"href":"https:\/\/treina.online\/index.php?rest_route=\/wp\/v2\/product\/17476","targetHints":{"allow":["GET"]}}],"collection":[{"href":"https:\/\/treina.online\/index.php?rest_route=\/wp\/v2\/product"}],"about":[{"href":"https:\/\/treina.online\/index.php?rest_route=\/wp\/v2\/types\/product"}],"replies":[{"embeddable":true,"href":"https:\/\/treina.online\/index.php?rest_route=%2Fwp%2Fv2%2Fcomments&post=17476"}],"version-history":[{"count":0,"href":"https:\/\/treina.online\/index.php?rest_route=\/wp\/v2\/product\/17476\/revisions"}],"wp:attachment":[{"href":"https:\/\/treina.online\/index.php?rest_route=%2Fwp%2Fv2%2Fmedia&parent=17476"}],"wp:term":[{"taxonomy":"product_brand","embeddable":true,"href":"https:\/\/treina.online\/index.php?rest_route=%2Fwp%2Fv2%2Fproduct_brand&post=17476"},{"taxonomy":"product_cat","embeddable":true,"href":"https:\/\/treina.online\/index.php?rest_route=%2Fwp%2Fv2%2Fproduct_cat&post=17476"},{"taxonomy":"product_tag","embeddable":true,"href":"https:\/\/treina.online\/index.php?rest_route=%2Fwp%2Fv2%2Fproduct_tag&post=17476"}],"curies":[{"name":"wp","href":"https:\/\/api.w.org\/{rel}","templated":true}]}}