{"id":17471,"date":"2021-01-24T18:15:22","date_gmt":"2021-01-24T20:15:22","guid":{"rendered":"http:\/\/ecursos.treinaonline.com\/produto\/curso-de-tecnicas-de-memorizacao-e-aprendizagem\/"},"modified":"2021-01-24T18:15:22","modified_gmt":"2021-01-24T20:15:22","slug":"curso-de-tecnicas-de-memorizacao-e-aprendizagem","status":"publish","type":"product","link":"https:\/\/treina.online\/?product=curso-de-tecnicas-de-memorizacao-e-aprendizagem","title":{"rendered":"Curso de T\u00e9cnicas de Memoriza\u00e7\u00e3o e Aprendizagem"},"content":{"rendered":"<p>Ser\u00e3o mostradas as t\u00e9cnicas para que a mem\u00f3ria trabalhe, sempre a seu favor, melhorando o autocontrole e a concentra\u00e7\u00e3o. S\u00e3o ensinadas t\u00e9cnicas f\u00e1ceis e significativas, para que n\u00e3o haja, nunca mais, aquele branco na hora de uma palestra, reuni\u00e3o ou avalia\u00e7\u00e3o.<\/p>\n<p>Sobre a carga hor\u00e1ria:<br \/>\nO curso possui 80 horas de carga hor\u00e1ria. Por\u00e9m, se for conclu\u00eddo antes de 5 dias, passa a ter 10 horas de carga hor\u00e1ria. Conforme nosso contrato e termos de uso.<\/p>\n","protected":false},"excerpt":{"rendered":"<p>Ser\u00e3o mostradas as t\u00e9cnicas para que a mem\u00f3ria trabalhe, sempre a seu favor, melhorando o autocontrole e a concentra\u00e7\u00e3o. S\u00e3o ensinadas t\u00e9cnicas f\u00e1ceis e significativas, para que n\u00e3o haja, nunca mais, aquele branco na hora de uma palestra, reuni\u00e3o ou avalia\u00e7\u00e3o. Sobre a carga hor\u00e1ria: O curso possui 80 horas de carga hor\u00e1ria. Por\u00e9m, se for conclu\u00eddo antes de 5 [&hellip;]<\/p>\n","protected":false},"featured_media":0,"comment_status":"open","ping_status":"closed","template":"","meta":[],"product_brand":[],"product_cat":[207],"product_tag":[],"class_list":{"0":"post-17471","1":"product","2":"type-product","3":"status-publish","5":"product_cat-cotidiano","6":"post","8":"first","9":"instock","10":"virtual","11":"sold-individually","12":"product-type-simple"},"_links":{"self":[{"href":"https:\/\/treina.online\/index.php?rest_route=\/wp\/v2\/product\/17471","targetHints":{"allow":["GET"]}}],"collection":[{"href":"https:\/\/treina.online\/index.php?rest_route=\/wp\/v2\/product"}],"about":[{"href":"https:\/\/treina.online\/index.php?rest_route=\/wp\/v2\/types\/product"}],"replies":[{"embeddable":true,"href":"https:\/\/treina.online\/index.php?rest_route=%2Fwp%2Fv2%2Fcomments&post=17471"}],"version-history":[{"count":0,"href":"https:\/\/treina.online\/index.php?rest_route=\/wp\/v2\/product\/17471\/revisions"}],"wp:attachment":[{"href":"https:\/\/treina.online\/index.php?rest_route=%2Fwp%2Fv2%2Fmedia&parent=17471"}],"wp:term":[{"taxonomy":"product_brand","embeddable":true,"href":"https:\/\/treina.online\/index.php?rest_route=%2Fwp%2Fv2%2Fproduct_brand&post=17471"},{"taxonomy":"product_cat","embeddable":true,"href":"https:\/\/treina.online\/index.php?rest_route=%2Fwp%2Fv2%2Fproduct_cat&post=17471"},{"taxonomy":"product_tag","embeddable":true,"href":"https:\/\/treina.online\/index.php?rest_route=%2Fwp%2Fv2%2Fproduct_tag&post=17471"}],"curies":[{"name":"wp","href":"https:\/\/api.w.org\/{rel}","templated":true}]}}