{"id":17469,"date":"2021-01-24T18:15:20","date_gmt":"2021-01-24T20:15:20","guid":{"rendered":"http:\/\/ecursos.treinaonline.com\/produto\/curso-de-tecnicas-de-efeito-e-patinas\/"},"modified":"2021-01-24T18:15:20","modified_gmt":"2021-01-24T20:15:20","slug":"curso-de-tecnicas-de-efeito-e-patinas","status":"publish","type":"product","link":"https:\/\/treina.online\/?product=curso-de-tecnicas-de-efeito-e-patinas","title":{"rendered":"Curso de T\u00e9cnicas de Efeito e P\u00e1tinas"},"content":{"rendered":"<p>Apresenta sobre t\u00e9cnicas de efeito e p\u00e1tinas, como p\u00e1tina molhada, ragging, decap\u00ea, marmoriza\u00e7\u00e3o, efeito madeira e demoli\u00e7\u00e3o e muito mai.<\/p>\n<p>Sobre a carga hor\u00e1ria:<br \/>\nO curso possui 80 horas de carga hor\u00e1ria. Por\u00e9m, se for conclu\u00eddo antes de 5 dias, passa a ter 10 horas de carga hor\u00e1ria. Conforme nosso contrato e termos de uso.<\/p>\n","protected":false},"excerpt":{"rendered":"<p>Apresenta sobre t\u00e9cnicas de efeito e p\u00e1tinas, como p\u00e1tina molhada, ragging, decap\u00ea, marmoriza\u00e7\u00e3o, efeito madeira e demoli\u00e7\u00e3o e muito mai. Sobre a carga hor\u00e1ria: O curso possui 80 horas de carga hor\u00e1ria. Por\u00e9m, se for conclu\u00eddo antes de 5 dias, passa a ter 10 horas de carga hor\u00e1ria. Conforme nosso contrato e termos de uso.<\/p>\n","protected":false},"featured_media":0,"comment_status":"open","ping_status":"closed","template":"","meta":[],"product_brand":[],"product_cat":[203],"product_tag":[],"class_list":{"0":"post-17469","1":"product","2":"type-product","3":"status-publish","5":"product_cat-artesanato","6":"post","8":"first","9":"instock","10":"virtual","11":"sold-individually","12":"product-type-simple"},"_links":{"self":[{"href":"https:\/\/treina.online\/index.php?rest_route=\/wp\/v2\/product\/17469","targetHints":{"allow":["GET"]}}],"collection":[{"href":"https:\/\/treina.online\/index.php?rest_route=\/wp\/v2\/product"}],"about":[{"href":"https:\/\/treina.online\/index.php?rest_route=\/wp\/v2\/types\/product"}],"replies":[{"embeddable":true,"href":"https:\/\/treina.online\/index.php?rest_route=%2Fwp%2Fv2%2Fcomments&post=17469"}],"version-history":[{"count":0,"href":"https:\/\/treina.online\/index.php?rest_route=\/wp\/v2\/product\/17469\/revisions"}],"wp:attachment":[{"href":"https:\/\/treina.online\/index.php?rest_route=%2Fwp%2Fv2%2Fmedia&parent=17469"}],"wp:term":[{"taxonomy":"product_brand","embeddable":true,"href":"https:\/\/treina.online\/index.php?rest_route=%2Fwp%2Fv2%2Fproduct_brand&post=17469"},{"taxonomy":"product_cat","embeddable":true,"href":"https:\/\/treina.online\/index.php?rest_route=%2Fwp%2Fv2%2Fproduct_cat&post=17469"},{"taxonomy":"product_tag","embeddable":true,"href":"https:\/\/treina.online\/index.php?rest_route=%2Fwp%2Fv2%2Fproduct_tag&post=17469"}],"curies":[{"name":"wp","href":"https:\/\/api.w.org\/{rel}","templated":true}]}}