{"id":17468,"date":"2021-01-24T18:15:19","date_gmt":"2021-01-24T20:15:19","guid":{"rendered":"http:\/\/ecursos.treinaonline.com\/produto\/curso-de-teclado-para-iniciantes-introducao\/"},"modified":"2021-01-24T18:15:19","modified_gmt":"2021-01-24T20:15:19","slug":"curso-de-teclado-para-iniciantes-introducao","status":"publish","type":"product","link":"https:\/\/treina.online\/?product=curso-de-teclado-para-iniciantes-introducao","title":{"rendered":"Curso de Teclado para Iniciantes: Introdu\u00e7\u00e3o"},"content":{"rendered":"<p>Aborda Teclado, Disposi\u00e7\u00e3o das notas e dedos, Propriedades do som, Partitura ou pentagrama, Figuras musicais, Exercitando tocar figuras, Melodia, Baixos, Execu\u00e7\u00e3o musical, Acordes, Cifras e Ritmo.<\/p>\n<p>Sobre a carga hor\u00e1ria:<br \/>\nO curso possui 10 horas de carga hor\u00e1ria.<\/p>\n","protected":false},"excerpt":{"rendered":"<p>Aborda Teclado, Disposi\u00e7\u00e3o das notas e dedos, Propriedades do som, Partitura ou pentagrama, Figuras musicais, Exercitando tocar figuras, Melodia, Baixos, Execu\u00e7\u00e3o musical, Acordes, Cifras e Ritmo. Sobre a carga hor\u00e1ria: O curso possui 10 horas de carga hor\u00e1ria.<\/p>\n","protected":false},"featured_media":0,"comment_status":"open","ping_status":"closed","template":"","meta":[],"product_brand":[],"product_cat":[230],"product_tag":[],"class_list":{"0":"post-17468","1":"product","2":"type-product","3":"status-publish","5":"product_cat-musica-e-instrumentos","6":"post","8":"first","9":"instock","10":"virtual","11":"sold-individually","12":"product-type-simple"},"_links":{"self":[{"href":"https:\/\/treina.online\/index.php?rest_route=\/wp\/v2\/product\/17468","targetHints":{"allow":["GET"]}}],"collection":[{"href":"https:\/\/treina.online\/index.php?rest_route=\/wp\/v2\/product"}],"about":[{"href":"https:\/\/treina.online\/index.php?rest_route=\/wp\/v2\/types\/product"}],"replies":[{"embeddable":true,"href":"https:\/\/treina.online\/index.php?rest_route=%2Fwp%2Fv2%2Fcomments&post=17468"}],"version-history":[{"count":0,"href":"https:\/\/treina.online\/index.php?rest_route=\/wp\/v2\/product\/17468\/revisions"}],"wp:attachment":[{"href":"https:\/\/treina.online\/index.php?rest_route=%2Fwp%2Fv2%2Fmedia&parent=17468"}],"wp:term":[{"taxonomy":"product_brand","embeddable":true,"href":"https:\/\/treina.online\/index.php?rest_route=%2Fwp%2Fv2%2Fproduct_brand&post=17468"},{"taxonomy":"product_cat","embeddable":true,"href":"https:\/\/treina.online\/index.php?rest_route=%2Fwp%2Fv2%2Fproduct_cat&post=17468"},{"taxonomy":"product_tag","embeddable":true,"href":"https:\/\/treina.online\/index.php?rest_route=%2Fwp%2Fv2%2Fproduct_tag&post=17468"}],"curies":[{"name":"wp","href":"https:\/\/api.w.org\/{rel}","templated":true}]}}