{"id":17466,"date":"2021-01-24T18:15:17","date_gmt":"2021-01-24T20:15:17","guid":{"rendered":"http:\/\/ecursos.treinaonline.com\/produto\/curso-de-tdah\/"},"modified":"2021-01-24T18:15:17","modified_gmt":"2021-01-24T20:15:17","slug":"curso-de-tdah","status":"publish","type":"product","link":"https:\/\/treina.online\/?product=curso-de-tdah","title":{"rendered":"Curso de TDAH"},"content":{"rendered":"<p>Ensina sobre os sintomas do TDAH, quais s\u00e3o as caracter\u00edsticas, as dificuldades sofridas ao longo da vida por conta desse transtorno. Tamb\u00e9m tratamentos que podem ser realizados para evitar a falta de adapta\u00e7\u00e3o, dicas e  t\u00e9cnicas.<\/p>\n<p>Sobre a carga hor\u00e1ria:<br \/>\nO curso possui 80 horas de carga hor\u00e1ria. Por\u00e9m, se for conclu\u00eddo antes de 5 dias, passa a ter 10 horas de carga hor\u00e1ria. Conforme nosso contrato e termos de uso.<\/p>\n","protected":false},"excerpt":{"rendered":"<p>Ensina sobre os sintomas do TDAH, quais s\u00e3o as caracter\u00edsticas, as dificuldades sofridas ao longo da vida por conta desse transtorno. Tamb\u00e9m tratamentos que podem ser realizados para evitar a falta de adapta\u00e7\u00e3o, dicas e t\u00e9cnicas. Sobre a carga hor\u00e1ria: O curso possui 80 horas de carga hor\u00e1ria. Por\u00e9m, se for conclu\u00eddo antes de 5 dias, passa a ter 10 [&hellip;]<\/p>\n","protected":false},"featured_media":0,"comment_status":"open","ping_status":"closed","template":"","meta":[],"product_brand":[],"product_cat":[213],"product_tag":[],"class_list":{"0":"post-17466","1":"product","2":"type-product","3":"status-publish","5":"product_cat-educacao-e-pedagogia","6":"post","8":"first","9":"instock","10":"virtual","11":"sold-individually","12":"product-type-simple"},"_links":{"self":[{"href":"https:\/\/treina.online\/index.php?rest_route=\/wp\/v2\/product\/17466","targetHints":{"allow":["GET"]}}],"collection":[{"href":"https:\/\/treina.online\/index.php?rest_route=\/wp\/v2\/product"}],"about":[{"href":"https:\/\/treina.online\/index.php?rest_route=\/wp\/v2\/types\/product"}],"replies":[{"embeddable":true,"href":"https:\/\/treina.online\/index.php?rest_route=%2Fwp%2Fv2%2Fcomments&post=17466"}],"version-history":[{"count":0,"href":"https:\/\/treina.online\/index.php?rest_route=\/wp\/v2\/product\/17466\/revisions"}],"wp:attachment":[{"href":"https:\/\/treina.online\/index.php?rest_route=%2Fwp%2Fv2%2Fmedia&parent=17466"}],"wp:term":[{"taxonomy":"product_brand","embeddable":true,"href":"https:\/\/treina.online\/index.php?rest_route=%2Fwp%2Fv2%2Fproduct_brand&post=17466"},{"taxonomy":"product_cat","embeddable":true,"href":"https:\/\/treina.online\/index.php?rest_route=%2Fwp%2Fv2%2Fproduct_cat&post=17466"},{"taxonomy":"product_tag","embeddable":true,"href":"https:\/\/treina.online\/index.php?rest_route=%2Fwp%2Fv2%2Fproduct_tag&post=17466"}],"curies":[{"name":"wp","href":"https:\/\/api.w.org\/{rel}","templated":true}]}}