{"id":17464,"date":"2021-01-24T18:15:15","date_gmt":"2021-01-24T20:15:15","guid":{"rendered":"http:\/\/ecursos.treinaonline.com\/produto\/curso-de-tapiocaria\/"},"modified":"2021-01-24T18:15:15","modified_gmt":"2021-01-24T20:15:15","slug":"curso-de-tapiocaria","status":"publish","type":"product","link":"https:\/\/treina.online\/?product=curso-de-tapiocaria","title":{"rendered":"Curso de Tapiocaria"},"content":{"rendered":"<p>Ensina a fazer a massa b\u00e1sica de tapioca em suas vers\u00f5es tradicional, saborizada e colorida. Voc\u00ea vai aprender a reche\u00e1-las com sabores doces e salgados e receitas inusitadas e saborosas como a panqueca de tapioca, pudim de tapioca, bolo de tapioca, brigadeiro e muito mais.<\/p>\n<p>Sobre a carga hor\u00e1ria:<br \/>\nO curso possui 80 horas de carga hor\u00e1ria. Por\u00e9m, se for conclu\u00eddo antes de 5 dias, passa a ter 10 horas de carga hor\u00e1ria. Conforme nosso contrato e termos de uso.<\/p>\n","protected":false},"excerpt":{"rendered":"<p>Ensina a fazer a massa b\u00e1sica de tapioca em suas vers\u00f5es tradicional, saborizada e colorida. Voc\u00ea vai aprender a reche\u00e1-las com sabores doces e salgados e receitas inusitadas e saborosas como a panqueca de tapioca, pudim de tapioca, bolo de tapioca, brigadeiro e muito mais. Sobre a carga hor\u00e1ria: O curso possui 80 horas de carga hor\u00e1ria. Por\u00e9m, se for [&hellip;]<\/p>\n","protected":false},"featured_media":0,"comment_status":"open","ping_status":"closed","template":"","meta":[],"product_brand":[],"product_cat":[208],"product_tag":[],"class_list":{"0":"post-17464","1":"product","2":"type-product","3":"status-publish","5":"product_cat-culinaria-e-gastronomia","6":"post","8":"first","9":"instock","10":"virtual","11":"sold-individually","12":"product-type-simple"},"_links":{"self":[{"href":"https:\/\/treina.online\/index.php?rest_route=\/wp\/v2\/product\/17464","targetHints":{"allow":["GET"]}}],"collection":[{"href":"https:\/\/treina.online\/index.php?rest_route=\/wp\/v2\/product"}],"about":[{"href":"https:\/\/treina.online\/index.php?rest_route=\/wp\/v2\/types\/product"}],"replies":[{"embeddable":true,"href":"https:\/\/treina.online\/index.php?rest_route=%2Fwp%2Fv2%2Fcomments&post=17464"}],"version-history":[{"count":0,"href":"https:\/\/treina.online\/index.php?rest_route=\/wp\/v2\/product\/17464\/revisions"}],"wp:attachment":[{"href":"https:\/\/treina.online\/index.php?rest_route=%2Fwp%2Fv2%2Fmedia&parent=17464"}],"wp:term":[{"taxonomy":"product_brand","embeddable":true,"href":"https:\/\/treina.online\/index.php?rest_route=%2Fwp%2Fv2%2Fproduct_brand&post=17464"},{"taxonomy":"product_cat","embeddable":true,"href":"https:\/\/treina.online\/index.php?rest_route=%2Fwp%2Fv2%2Fproduct_cat&post=17464"},{"taxonomy":"product_tag","embeddable":true,"href":"https:\/\/treina.online\/index.php?rest_route=%2Fwp%2Fv2%2Fproduct_tag&post=17464"}],"curies":[{"name":"wp","href":"https:\/\/api.w.org\/{rel}","templated":true}]}}