{"id":17461,"date":"2021-01-24T18:15:12","date_gmt":"2021-01-24T20:15:12","guid":{"rendered":"http:\/\/ecursos.treinaonline.com\/produto\/curso-de-tamaras-recheadas-tamara-com-recheio-de-damasco\/"},"modified":"2021-01-24T18:15:12","modified_gmt":"2021-01-24T20:15:12","slug":"curso-de-tamaras-recheadas-tamara-com-recheio-de-damasco","status":"publish","type":"product","link":"https:\/\/treina.online\/?product=curso-de-tamaras-recheadas-tamara-com-recheio-de-damasco","title":{"rendered":"Curso de T\u00e2maras Recheadas: T\u00e2mara com Recheio de Damasco"},"content":{"rendered":"<p>Aborda T\u00e2mara com Recheio de Damasco, Preparo do Recheio de Damasco e Montagem da T\u00e2mara de Damasco.<\/p>\n<p>Sobre a carga hor\u00e1ria:<br \/>\nO curso possui 2 horas de carga hor\u00e1ria.<\/p>\n","protected":false},"excerpt":{"rendered":"<p>Aborda T\u00e2mara com Recheio de Damasco, Preparo do Recheio de Damasco e Montagem da T\u00e2mara de Damasco. Sobre a carga hor\u00e1ria: O curso possui 2 horas de carga hor\u00e1ria.<\/p>\n","protected":false},"featured_media":0,"comment_status":"open","ping_status":"closed","template":"","meta":[],"product_brand":[],"product_cat":[208],"product_tag":[],"class_list":{"0":"post-17461","1":"product","2":"type-product","3":"status-publish","5":"product_cat-culinaria-e-gastronomia","6":"post","8":"first","9":"instock","10":"virtual","11":"sold-individually","12":"product-type-simple"},"_links":{"self":[{"href":"https:\/\/treina.online\/index.php?rest_route=\/wp\/v2\/product\/17461","targetHints":{"allow":["GET"]}}],"collection":[{"href":"https:\/\/treina.online\/index.php?rest_route=\/wp\/v2\/product"}],"about":[{"href":"https:\/\/treina.online\/index.php?rest_route=\/wp\/v2\/types\/product"}],"replies":[{"embeddable":true,"href":"https:\/\/treina.online\/index.php?rest_route=%2Fwp%2Fv2%2Fcomments&post=17461"}],"version-history":[{"count":0,"href":"https:\/\/treina.online\/index.php?rest_route=\/wp\/v2\/product\/17461\/revisions"}],"wp:attachment":[{"href":"https:\/\/treina.online\/index.php?rest_route=%2Fwp%2Fv2%2Fmedia&parent=17461"}],"wp:term":[{"taxonomy":"product_brand","embeddable":true,"href":"https:\/\/treina.online\/index.php?rest_route=%2Fwp%2Fv2%2Fproduct_brand&post=17461"},{"taxonomy":"product_cat","embeddable":true,"href":"https:\/\/treina.online\/index.php?rest_route=%2Fwp%2Fv2%2Fproduct_cat&post=17461"},{"taxonomy":"product_tag","embeddable":true,"href":"https:\/\/treina.online\/index.php?rest_route=%2Fwp%2Fv2%2Fproduct_tag&post=17461"}],"curies":[{"name":"wp","href":"https:\/\/api.w.org\/{rel}","templated":true}]}}