{"id":17460,"date":"2021-01-24T18:15:11","date_gmt":"2021-01-24T20:15:11","guid":{"rendered":"http:\/\/ecursos.treinaonline.com\/produto\/curso-de-tamaras-recheadas\/"},"modified":"2021-01-24T18:15:11","modified_gmt":"2021-01-24T20:15:11","slug":"curso-de-tamaras-recheadas","status":"publish","type":"product","link":"https:\/\/treina.online\/?product=curso-de-tamaras-recheadas","title":{"rendered":"Curso de T\u00e2maras Recheadas"},"content":{"rendered":"<p>Voc\u00ea vai aprender a fazer t\u00e2maras recheadas e banhadas em uma variedade de recheio e confeitos, como: trufas r\u00fasticas sem adi\u00e7\u00e3o de a\u00e7\u00facar, pur\u00ea de t\u00e2mara, embalagem e conserva\u00e7\u00e3o, al\u00e9m de v\u00e1rias dicas e curiosidades.<\/p>\n<p>Sobre a carga hor\u00e1ria:<br \/>\nO curso possui 80 horas de carga hor\u00e1ria. Por\u00e9m, se for conclu\u00eddo antes de 5 dias, passa a ter 10 horas de carga hor\u00e1ria. Conforme nosso contrato e termos de uso.<\/p>\n","protected":false},"excerpt":{"rendered":"<p>Voc\u00ea vai aprender a fazer t\u00e2maras recheadas e banhadas em uma variedade de recheio e confeitos, como: trufas r\u00fasticas sem adi\u00e7\u00e3o de a\u00e7\u00facar, pur\u00ea de t\u00e2mara, embalagem e conserva\u00e7\u00e3o, al\u00e9m de v\u00e1rias dicas e curiosidades. Sobre a carga hor\u00e1ria: O curso possui 80 horas de carga hor\u00e1ria. Por\u00e9m, se for conclu\u00eddo antes de 5 dias, passa a ter 10 horas [&hellip;]<\/p>\n","protected":false},"featured_media":0,"comment_status":"open","ping_status":"closed","template":"","meta":[],"product_brand":[],"product_cat":[208],"product_tag":[],"class_list":{"0":"post-17460","1":"product","2":"type-product","3":"status-publish","5":"product_cat-culinaria-e-gastronomia","6":"post","8":"first","9":"instock","10":"virtual","11":"sold-individually","12":"product-type-simple"},"_links":{"self":[{"href":"https:\/\/treina.online\/index.php?rest_route=\/wp\/v2\/product\/17460","targetHints":{"allow":["GET"]}}],"collection":[{"href":"https:\/\/treina.online\/index.php?rest_route=\/wp\/v2\/product"}],"about":[{"href":"https:\/\/treina.online\/index.php?rest_route=\/wp\/v2\/types\/product"}],"replies":[{"embeddable":true,"href":"https:\/\/treina.online\/index.php?rest_route=%2Fwp%2Fv2%2Fcomments&post=17460"}],"version-history":[{"count":0,"href":"https:\/\/treina.online\/index.php?rest_route=\/wp\/v2\/product\/17460\/revisions"}],"wp:attachment":[{"href":"https:\/\/treina.online\/index.php?rest_route=%2Fwp%2Fv2%2Fmedia&parent=17460"}],"wp:term":[{"taxonomy":"product_brand","embeddable":true,"href":"https:\/\/treina.online\/index.php?rest_route=%2Fwp%2Fv2%2Fproduct_brand&post=17460"},{"taxonomy":"product_cat","embeddable":true,"href":"https:\/\/treina.online\/index.php?rest_route=%2Fwp%2Fv2%2Fproduct_cat&post=17460"},{"taxonomy":"product_tag","embeddable":true,"href":"https:\/\/treina.online\/index.php?rest_route=%2Fwp%2Fv2%2Fproduct_tag&post=17460"}],"curies":[{"name":"wp","href":"https:\/\/api.w.org\/{rel}","templated":true}]}}