{"id":17456,"date":"2021-01-24T18:15:02","date_gmt":"2021-01-24T20:15:02","guid":{"rendered":"http:\/\/ecursos.treinaonline.com\/produto\/curso-de-sucesso-em-uma-entrevista-de-emprego\/"},"modified":"2021-01-24T18:15:02","modified_gmt":"2021-01-24T20:15:02","slug":"curso-de-sucesso-em-uma-entrevista-de-emprego","status":"publish","type":"product","link":"https:\/\/treina.online\/?product=curso-de-sucesso-em-uma-entrevista-de-emprego","title":{"rendered":"Curso de Sucesso em uma Entrevista de Emprego"},"content":{"rendered":"<p>Apresenta sobre a import\u00e2ncia de um bom curr\u00edculo, a vestimenta correta para a entrevista de emprego, a postura corporal e outros aspectos como os gestos, voz, din\u00e2micas de grupo e os tipos de entrevistas.<\/p>\n<p>Sobre a carga hor\u00e1ria:<br \/>\nO curso possui 80 horas de carga hor\u00e1ria. Por\u00e9m, se for conclu\u00eddo antes de 5 dias, passa a ter 10 horas de carga hor\u00e1ria. Conforme nosso contrato e termos de uso.<\/p>\n","protected":false},"excerpt":{"rendered":"<p>Apresenta sobre a import\u00e2ncia de um bom curr\u00edculo, a vestimenta correta para a entrevista de emprego, a postura corporal e outros aspectos como os gestos, voz, din\u00e2micas de grupo e os tipos de entrevistas. Sobre a carga hor\u00e1ria: O curso possui 80 horas de carga hor\u00e1ria. Por\u00e9m, se for conclu\u00eddo antes de 5 dias, passa a ter 10 horas de [&hellip;]<\/p>\n","protected":false},"featured_media":0,"comment_status":"open","ping_status":"closed","template":"","meta":[],"product_brand":[],"product_cat":[226],"product_tag":[],"class_list":{"0":"post-17456","1":"product","2":"type-product","3":"status-publish","5":"product_cat-iniciacao-profissional","6":"post","8":"first","9":"instock","10":"virtual","11":"sold-individually","12":"product-type-simple"},"_links":{"self":[{"href":"https:\/\/treina.online\/index.php?rest_route=\/wp\/v2\/product\/17456","targetHints":{"allow":["GET"]}}],"collection":[{"href":"https:\/\/treina.online\/index.php?rest_route=\/wp\/v2\/product"}],"about":[{"href":"https:\/\/treina.online\/index.php?rest_route=\/wp\/v2\/types\/product"}],"replies":[{"embeddable":true,"href":"https:\/\/treina.online\/index.php?rest_route=%2Fwp%2Fv2%2Fcomments&post=17456"}],"version-history":[{"count":0,"href":"https:\/\/treina.online\/index.php?rest_route=\/wp\/v2\/product\/17456\/revisions"}],"wp:attachment":[{"href":"https:\/\/treina.online\/index.php?rest_route=%2Fwp%2Fv2%2Fmedia&parent=17456"}],"wp:term":[{"taxonomy":"product_brand","embeddable":true,"href":"https:\/\/treina.online\/index.php?rest_route=%2Fwp%2Fv2%2Fproduct_brand&post=17456"},{"taxonomy":"product_cat","embeddable":true,"href":"https:\/\/treina.online\/index.php?rest_route=%2Fwp%2Fv2%2Fproduct_cat&post=17456"},{"taxonomy":"product_tag","embeddable":true,"href":"https:\/\/treina.online\/index.php?rest_route=%2Fwp%2Fv2%2Fproduct_tag&post=17456"}],"curies":[{"name":"wp","href":"https:\/\/api.w.org\/{rel}","templated":true}]}}