{"id":17438,"date":"2021-01-24T18:14:36","date_gmt":"2021-01-24T20:14:36","guid":{"rendered":"http:\/\/ecursos.treinaonline.com\/produto\/curso-de-sketchup-para-arquitetura\/"},"modified":"2021-01-24T18:14:36","modified_gmt":"2021-01-24T20:14:36","slug":"curso-de-sketchup-para-arquitetura","status":"publish","type":"product","link":"https:\/\/treina.online\/?product=curso-de-sketchup-para-arquitetura","title":{"rendered":"Curso de SketchUp para Arquitetura"},"content":{"rendered":"<p>Aborda trabalhar com projetos vindo de desenho \u00e0 m\u00e3o, de PDF e de imagem. O professor tamb\u00e9m vai trabalhar com um arquivo do AutoCAD para o SkechUp, vai escalonar e come\u00e7ar a desenhar uma casa e nessa casa vamos desenhar tanto a parte interna como externa, ser\u00e1 ensinado a desenhar o paisagismo, dispor os m\u00f3veis internos, trabalhar a ilumina\u00e7\u00e3o, o telhado, diversos tipos de platibandas, trabalhar tamb\u00e9m diversos tipos de escadas e rampas at\u00e9 que a casa fique pronta para finalizar as imagens.<\/p>\n<p>Sobre a carga hor\u00e1ria:<br \/>\nO curso possui 80 horas de carga hor\u00e1ria. Por\u00e9m, se for conclu\u00eddo antes de 5 dias, passa a ter 10 horas de carga hor\u00e1ria. Conforme nosso contrato e termos de uso.<\/p>\n","protected":false},"excerpt":{"rendered":"<p>Aborda trabalhar com projetos vindo de desenho \u00e0 m\u00e3o, de PDF e de imagem. O professor tamb\u00e9m vai trabalhar com um arquivo do AutoCAD para o SkechUp, vai escalonar e come\u00e7ar a desenhar uma casa e nessa casa vamos desenhar tanto a parte interna como externa, ser\u00e1 ensinado a desenhar o paisagismo, dispor os m\u00f3veis internos, trabalhar a ilumina\u00e7\u00e3o, o [&hellip;]<\/p>\n","protected":false},"featured_media":0,"comment_status":"open","ping_status":"closed","template":"","meta":[],"product_brand":[],"product_cat":[202],"product_tag":[],"class_list":{"0":"post-17438","1":"product","2":"type-product","3":"status-publish","5":"product_cat-arquitetura-e-engenharia","6":"post","8":"first","9":"instock","10":"virtual","11":"sold-individually","12":"product-type-simple"},"_links":{"self":[{"href":"https:\/\/treina.online\/index.php?rest_route=\/wp\/v2\/product\/17438","targetHints":{"allow":["GET"]}}],"collection":[{"href":"https:\/\/treina.online\/index.php?rest_route=\/wp\/v2\/product"}],"about":[{"href":"https:\/\/treina.online\/index.php?rest_route=\/wp\/v2\/types\/product"}],"replies":[{"embeddable":true,"href":"https:\/\/treina.online\/index.php?rest_route=%2Fwp%2Fv2%2Fcomments&post=17438"}],"version-history":[{"count":0,"href":"https:\/\/treina.online\/index.php?rest_route=\/wp\/v2\/product\/17438\/revisions"}],"wp:attachment":[{"href":"https:\/\/treina.online\/index.php?rest_route=%2Fwp%2Fv2%2Fmedia&parent=17438"}],"wp:term":[{"taxonomy":"product_brand","embeddable":true,"href":"https:\/\/treina.online\/index.php?rest_route=%2Fwp%2Fv2%2Fproduct_brand&post=17438"},{"taxonomy":"product_cat","embeddable":true,"href":"https:\/\/treina.online\/index.php?rest_route=%2Fwp%2Fv2%2Fproduct_cat&post=17438"},{"taxonomy":"product_tag","embeddable":true,"href":"https:\/\/treina.online\/index.php?rest_route=%2Fwp%2Fv2%2Fproduct_tag&post=17438"}],"curies":[{"name":"wp","href":"https:\/\/api.w.org\/{rel}","templated":true}]}}