{"id":17429,"date":"2021-01-24T18:14:27","date_gmt":"2021-01-24T20:14:27","guid":{"rendered":"http:\/\/ecursos.treinaonline.com\/produto\/curso-de-scrapfesta\/"},"modified":"2021-01-24T18:14:27","modified_gmt":"2021-01-24T20:14:27","slug":"curso-de-scrapfesta","status":"publish","type":"product","link":"https:\/\/treina.online\/?product=curso-de-scrapfesta","title":{"rendered":"Curso de Scrapfesta"},"content":{"rendered":"<p>Voc\u00ea aprende Scrapfesta \u00e9 uma nova tend\u00eancia no mundo das celebra\u00e7\u00f5es, s\u00e3o elementos delicados que fazem das festas muito mais bonitas e charmosas. Ser\u00e3o ensinadas pe\u00e7as para a decora\u00e7\u00e3o de uma festa com o tema Jardim Encantado, que v\u00e3o desde o convite, caixinhas, cones de guloseimas at\u00e9 um bolo cenogr\u00e1fico.<\/p>\n<p>Sobre a carga hor\u00e1ria:<br \/>\nO curso possui 80 horas de carga hor\u00e1ria. Por\u00e9m, se for conclu\u00eddo antes de 5 dias, passa a ter 10 horas de carga hor\u00e1ria. Conforme nosso contrato e termos de uso.<\/p>\n","protected":false},"excerpt":{"rendered":"<p>Voc\u00ea aprende Scrapfesta \u00e9 uma nova tend\u00eancia no mundo das celebra\u00e7\u00f5es, s\u00e3o elementos delicados que fazem das festas muito mais bonitas e charmosas. Ser\u00e3o ensinadas pe\u00e7as para a decora\u00e7\u00e3o de uma festa com o tema Jardim Encantado, que v\u00e3o desde o convite, caixinhas, cones de guloseimas at\u00e9 um bolo cenogr\u00e1fico. Sobre a carga hor\u00e1ria: O curso possui 80 horas de [&hellip;]<\/p>\n","protected":false},"featured_media":0,"comment_status":"open","ping_status":"closed","template":"","meta":[],"product_brand":[],"product_cat":[203],"product_tag":[],"class_list":{"0":"post-17429","1":"product","2":"type-product","3":"status-publish","5":"product_cat-artesanato","6":"post","8":"first","9":"instock","10":"virtual","11":"sold-individually","12":"product-type-simple"},"_links":{"self":[{"href":"https:\/\/treina.online\/index.php?rest_route=\/wp\/v2\/product\/17429","targetHints":{"allow":["GET"]}}],"collection":[{"href":"https:\/\/treina.online\/index.php?rest_route=\/wp\/v2\/product"}],"about":[{"href":"https:\/\/treina.online\/index.php?rest_route=\/wp\/v2\/types\/product"}],"replies":[{"embeddable":true,"href":"https:\/\/treina.online\/index.php?rest_route=%2Fwp%2Fv2%2Fcomments&post=17429"}],"version-history":[{"count":0,"href":"https:\/\/treina.online\/index.php?rest_route=\/wp\/v2\/product\/17429\/revisions"}],"wp:attachment":[{"href":"https:\/\/treina.online\/index.php?rest_route=%2Fwp%2Fv2%2Fmedia&parent=17429"}],"wp:term":[{"taxonomy":"product_brand","embeddable":true,"href":"https:\/\/treina.online\/index.php?rest_route=%2Fwp%2Fv2%2Fproduct_brand&post=17429"},{"taxonomy":"product_cat","embeddable":true,"href":"https:\/\/treina.online\/index.php?rest_route=%2Fwp%2Fv2%2Fproduct_cat&post=17429"},{"taxonomy":"product_tag","embeddable":true,"href":"https:\/\/treina.online\/index.php?rest_route=%2Fwp%2Fv2%2Fproduct_tag&post=17429"}],"curies":[{"name":"wp","href":"https:\/\/api.w.org\/{rel}","templated":true}]}}