{"id":17427,"date":"2021-01-24T18:14:24","date_gmt":"2021-01-24T20:14:24","guid":{"rendered":"http:\/\/ecursos.treinaonline.com\/produto\/curso-de-saude-publica-no-brasil\/"},"modified":"2021-01-24T18:14:24","modified_gmt":"2021-01-24T20:14:24","slug":"curso-de-saude-publica-no-brasil","status":"publish","type":"product","link":"https:\/\/treina.online\/?product=curso-de-saude-publica-no-brasil","title":{"rendered":"Curso de Sa\u00fade P\u00fablica no Brasil"},"content":{"rendered":"<p>Apresenta sobre a Sa\u00fade P\u00fablica no Brasil, suas atribui\u00e7\u00f5es, compet\u00eancias, gest\u00e3o financeira, SUS, Lei Org\u00e2nica e muito mais.<\/p>\n<p>Sobre a carga hor\u00e1ria:<br \/>\nO curso possui 80 horas de carga hor\u00e1ria. Por\u00e9m, se for conclu\u00eddo antes de 5 dias, passa a ter 10 horas de carga hor\u00e1ria. Conforme nosso contrato e termos de uso.<\/p>\n","protected":false},"excerpt":{"rendered":"<p>Apresenta sobre a Sa\u00fade P\u00fablica no Brasil, suas atribui\u00e7\u00f5es, compet\u00eancias, gest\u00e3o financeira, SUS, Lei Org\u00e2nica e muito mais. Sobre a carga hor\u00e1ria: O curso possui 80 horas de carga hor\u00e1ria. Por\u00e9m, se for conclu\u00eddo antes de 5 dias, passa a ter 10 horas de carga hor\u00e1ria. Conforme nosso contrato e termos de uso.<\/p>\n","protected":false},"featured_media":0,"comment_status":"open","ping_status":"closed","template":"","meta":[],"product_brand":[],"product_cat":[228],"product_tag":[],"class_list":{"0":"post-17427","1":"product","2":"type-product","3":"status-publish","5":"product_cat-medicina","6":"post","8":"first","9":"instock","10":"virtual","11":"sold-individually","12":"product-type-simple"},"_links":{"self":[{"href":"https:\/\/treina.online\/index.php?rest_route=\/wp\/v2\/product\/17427","targetHints":{"allow":["GET"]}}],"collection":[{"href":"https:\/\/treina.online\/index.php?rest_route=\/wp\/v2\/product"}],"about":[{"href":"https:\/\/treina.online\/index.php?rest_route=\/wp\/v2\/types\/product"}],"replies":[{"embeddable":true,"href":"https:\/\/treina.online\/index.php?rest_route=%2Fwp%2Fv2%2Fcomments&post=17427"}],"version-history":[{"count":0,"href":"https:\/\/treina.online\/index.php?rest_route=\/wp\/v2\/product\/17427\/revisions"}],"wp:attachment":[{"href":"https:\/\/treina.online\/index.php?rest_route=%2Fwp%2Fv2%2Fmedia&parent=17427"}],"wp:term":[{"taxonomy":"product_brand","embeddable":true,"href":"https:\/\/treina.online\/index.php?rest_route=%2Fwp%2Fv2%2Fproduct_brand&post=17427"},{"taxonomy":"product_cat","embeddable":true,"href":"https:\/\/treina.online\/index.php?rest_route=%2Fwp%2Fv2%2Fproduct_cat&post=17427"},{"taxonomy":"product_tag","embeddable":true,"href":"https:\/\/treina.online\/index.php?rest_route=%2Fwp%2Fv2%2Fproduct_tag&post=17427"}],"curies":[{"name":"wp","href":"https:\/\/api.w.org\/{rel}","templated":true}]}}