{"id":17424,"date":"2021-01-24T18:14:22","date_gmt":"2021-01-24T20:14:22","guid":{"rendered":"http:\/\/ecursos.treinaonline.com\/produto\/curso-de-satisfacao-de-clientes\/"},"modified":"2021-01-24T18:14:22","modified_gmt":"2021-01-24T20:14:22","slug":"curso-de-satisfacao-de-clientes","status":"publish","type":"product","link":"https:\/\/treina.online\/?product=curso-de-satisfacao-de-clientes","title":{"rendered":"Curso de Satisfa\u00e7\u00e3o de Clientes"},"content":{"rendered":"<p>Ensina O que \u00e9 ser Cliente, Conhecendo seu Cliente, Tipos de clientes, Entendendo a Necessidade do seu Cliente, Papel do cliente, O Cliente e as M\u00eddias Sociais, Como Fidelizar seus Clientes, Como funciona a mente do cliente?, Transpar\u00eancia e seu Cliente andam Juntos, A sua marca, O que \u00e9 consumidor apaixonado?, Como a Internet pode ajudar?, O que \u00e9 venda?, O que \u00e9 marketing?, Marketing como ferramenta de prospec\u00e7\u00e3o, Processo de decis\u00e3o de compra, Voc\u00ea Pensa com qual Bolso pra Vender?, A import\u00e2ncia do pre\u00e7o na hora da venda, O Cliente quer Comprar um Sonho, Padr\u00f5es psicol\u00f3gicos de comportamento de compra, Agregando valor ao consumidor, Desenvolver v\u00ednculos com clientes, Necessidade de reten\u00e7\u00e3o de clientes, Saber ouvir o cliente, Import\u00e2ncia da pesquisa de satisfa\u00e7\u00e3o e Criando um formul\u00e1rio de pesquisa de satisfa\u00e7\u00e3o.<\/p>\n<p>Sobre a carga hor\u00e1ria:<br \/>\nO curso possui 40 horas de carga hor\u00e1ria. Por\u00e9m, se for conclu\u00eddo antes de 5 dias, passa a ter 10 horas de carga hor\u00e1ria. Conforme nosso contrato e termos de uso.<\/p>\n","protected":false},"excerpt":{"rendered":"<p>Ensina O que \u00e9 ser Cliente, Conhecendo seu Cliente, Tipos de clientes, Entendendo a Necessidade do seu Cliente, Papel do cliente, O Cliente e as M\u00eddias Sociais, Como Fidelizar seus Clientes, Como funciona a mente do cliente?, Transpar\u00eancia e seu Cliente andam Juntos, A sua marca, O que \u00e9 consumidor apaixonado?, Como a Internet pode ajudar?, O que \u00e9 venda?, [&hellip;]<\/p>\n","protected":false},"featured_media":0,"comment_status":"open","ping_status":"closed","template":"","meta":[],"product_brand":[],"product_cat":[237],"product_tag":[],"class_list":{"0":"post-17424","1":"product","2":"type-product","3":"status-publish","5":"product_cat-vendas","6":"post","8":"first","9":"instock","10":"virtual","11":"sold-individually","12":"product-type-simple"},"_links":{"self":[{"href":"https:\/\/treina.online\/index.php?rest_route=\/wp\/v2\/product\/17424","targetHints":{"allow":["GET"]}}],"collection":[{"href":"https:\/\/treina.online\/index.php?rest_route=\/wp\/v2\/product"}],"about":[{"href":"https:\/\/treina.online\/index.php?rest_route=\/wp\/v2\/types\/product"}],"replies":[{"embeddable":true,"href":"https:\/\/treina.online\/index.php?rest_route=%2Fwp%2Fv2%2Fcomments&post=17424"}],"version-history":[{"count":0,"href":"https:\/\/treina.online\/index.php?rest_route=\/wp\/v2\/product\/17424\/revisions"}],"wp:attachment":[{"href":"https:\/\/treina.online\/index.php?rest_route=%2Fwp%2Fv2%2Fmedia&parent=17424"}],"wp:term":[{"taxonomy":"product_brand","embeddable":true,"href":"https:\/\/treina.online\/index.php?rest_route=%2Fwp%2Fv2%2Fproduct_brand&post=17424"},{"taxonomy":"product_cat","embeddable":true,"href":"https:\/\/treina.online\/index.php?rest_route=%2Fwp%2Fv2%2Fproduct_cat&post=17424"},{"taxonomy":"product_tag","embeddable":true,"href":"https:\/\/treina.online\/index.php?rest_route=%2Fwp%2Fv2%2Fproduct_tag&post=17424"}],"curies":[{"name":"wp","href":"https:\/\/api.w.org\/{rel}","templated":true}]}}