{"id":17419,"date":"2021-01-24T18:14:13","date_gmt":"2021-01-24T20:14:13","guid":{"rendered":"http:\/\/ecursos.treinaonline.com\/produto\/curso-de-salarios-e-remuneracoes\/"},"modified":"2021-01-24T18:14:13","modified_gmt":"2021-01-24T20:14:13","slug":"curso-de-salarios-e-remuneracoes","status":"publish","type":"product","link":"https:\/\/treina.online\/?product=curso-de-salarios-e-remuneracoes","title":{"rendered":"Curso de Sal\u00e1rios e Remunera\u00e7\u00f5es"},"content":{"rendered":"<p>Explica Conceitos de sal\u00e1rios, Tipos de sal\u00e1rios \u0096 parte I, Tipos de sal\u00e1rios \u0096 parte II, Remunera\u00e7\u00e3o, Remunera\u00e7\u00e3o vari\u00e1vel e Vantagens da remunera\u00e7\u00e3o vari\u00e1vel.<\/p>\n<p>Sobre a carga hor\u00e1ria:<br \/>\nO curso possui 5 horas de carga hor\u00e1ria.<\/p>\n","protected":false},"excerpt":{"rendered":"<p>Explica Conceitos de sal\u00e1rios, Tipos de sal\u00e1rios \u0096 parte I, Tipos de sal\u00e1rios \u0096 parte II, Remunera\u00e7\u00e3o, Remunera\u00e7\u00e3o vari\u00e1vel e Vantagens da remunera\u00e7\u00e3o vari\u00e1vel. Sobre a carga hor\u00e1ria: O curso possui 5 horas de carga hor\u00e1ria.<\/p>\n","protected":false},"featured_media":0,"comment_status":"open","ping_status":"closed","template":"","meta":[],"product_brand":[],"product_cat":[223],"product_tag":[],"class_list":{"0":"post-17419","1":"product","2":"type-product","3":"status-publish","5":"product_cat-gestao-e-lideranca","6":"post","8":"first","9":"instock","10":"virtual","11":"sold-individually","12":"product-type-simple"},"_links":{"self":[{"href":"https:\/\/treina.online\/index.php?rest_route=\/wp\/v2\/product\/17419","targetHints":{"allow":["GET"]}}],"collection":[{"href":"https:\/\/treina.online\/index.php?rest_route=\/wp\/v2\/product"}],"about":[{"href":"https:\/\/treina.online\/index.php?rest_route=\/wp\/v2\/types\/product"}],"replies":[{"embeddable":true,"href":"https:\/\/treina.online\/index.php?rest_route=%2Fwp%2Fv2%2Fcomments&post=17419"}],"version-history":[{"count":0,"href":"https:\/\/treina.online\/index.php?rest_route=\/wp\/v2\/product\/17419\/revisions"}],"wp:attachment":[{"href":"https:\/\/treina.online\/index.php?rest_route=%2Fwp%2Fv2%2Fmedia&parent=17419"}],"wp:term":[{"taxonomy":"product_brand","embeddable":true,"href":"https:\/\/treina.online\/index.php?rest_route=%2Fwp%2Fv2%2Fproduct_brand&post=17419"},{"taxonomy":"product_cat","embeddable":true,"href":"https:\/\/treina.online\/index.php?rest_route=%2Fwp%2Fv2%2Fproduct_cat&post=17419"},{"taxonomy":"product_tag","embeddable":true,"href":"https:\/\/treina.online\/index.php?rest_route=%2Fwp%2Fv2%2Fproduct_tag&post=17419"}],"curies":[{"name":"wp","href":"https:\/\/api.w.org\/{rel}","templated":true}]}}