{"id":17415,"date":"2021-01-24T18:14:10","date_gmt":"2021-01-24T20:14:10","guid":{"rendered":"http:\/\/ecursos.treinaonline.com\/produto\/curso-de-rota-asiatica-arroz-tailandes-e-tofu-recheado\/"},"modified":"2021-01-24T18:14:10","modified_gmt":"2021-01-24T20:14:10","slug":"curso-de-rota-asiatica-arroz-tailandes-e-tofu-recheado","status":"publish","type":"product","link":"https:\/\/treina.online\/?product=curso-de-rota-asiatica-arroz-tailandes-e-tofu-recheado","title":{"rendered":"Curso de Rota Asi\u00e1tica: Arroz Tailand\u00eas e Tofu Recheado"},"content":{"rendered":"<p>Voc\u00ea aprende Arroz Tailand\u00eas de Frango e Abacaxi e Tofu Recheado de Cogumelo.<\/p>\n<p>Sobre a carga hor\u00e1ria:<br \/>\nO curso possui 2 horas de carga hor\u00e1ria.<\/p>\n","protected":false},"excerpt":{"rendered":"<p>Voc\u00ea aprende Arroz Tailand\u00eas de Frango e Abacaxi e Tofu Recheado de Cogumelo. Sobre a carga hor\u00e1ria: O curso possui 2 horas de carga hor\u00e1ria.<\/p>\n","protected":false},"featured_media":0,"comment_status":"open","ping_status":"closed","template":"","meta":[],"product_brand":[],"product_cat":[208],"product_tag":[],"class_list":{"0":"post-17415","1":"product","2":"type-product","3":"status-publish","5":"product_cat-culinaria-e-gastronomia","6":"post","8":"first","9":"instock","10":"virtual","11":"sold-individually","12":"product-type-simple"},"_links":{"self":[{"href":"https:\/\/treina.online\/index.php?rest_route=\/wp\/v2\/product\/17415","targetHints":{"allow":["GET"]}}],"collection":[{"href":"https:\/\/treina.online\/index.php?rest_route=\/wp\/v2\/product"}],"about":[{"href":"https:\/\/treina.online\/index.php?rest_route=\/wp\/v2\/types\/product"}],"replies":[{"embeddable":true,"href":"https:\/\/treina.online\/index.php?rest_route=%2Fwp%2Fv2%2Fcomments&post=17415"}],"version-history":[{"count":0,"href":"https:\/\/treina.online\/index.php?rest_route=\/wp\/v2\/product\/17415\/revisions"}],"wp:attachment":[{"href":"https:\/\/treina.online\/index.php?rest_route=%2Fwp%2Fv2%2Fmedia&parent=17415"}],"wp:term":[{"taxonomy":"product_brand","embeddable":true,"href":"https:\/\/treina.online\/index.php?rest_route=%2Fwp%2Fv2%2Fproduct_brand&post=17415"},{"taxonomy":"product_cat","embeddable":true,"href":"https:\/\/treina.online\/index.php?rest_route=%2Fwp%2Fv2%2Fproduct_cat&post=17415"},{"taxonomy":"product_tag","embeddable":true,"href":"https:\/\/treina.online\/index.php?rest_route=%2Fwp%2Fv2%2Fproduct_tag&post=17415"}],"curies":[{"name":"wp","href":"https:\/\/api.w.org\/{rel}","templated":true}]}}