{"id":17403,"date":"2021-01-24T18:14:01","date_gmt":"2021-01-24T20:14:01","guid":{"rendered":"http:\/\/ecursos.treinaonline.com\/produto\/curso-de-redacao-empresarial\/"},"modified":"2021-01-24T18:14:01","modified_gmt":"2021-01-24T20:14:01","slug":"curso-de-redacao-empresarial","status":"publish","type":"product","link":"https:\/\/treina.online\/?product=curso-de-redacao-empresarial","title":{"rendered":"Curso de Reda\u00e7\u00e3o Empresarial"},"content":{"rendered":"<p>Voc\u00ea aprende diversas t\u00e9cnicas e conceitos que s\u00e3o aplicados  reda\u00e7\u00e3o empresarial, verificaremos o perigo de uma linguagem prolixa, al\u00e9m de estudarmos um pequeno dicion\u00e1rio do mundo corporativo e muito mais.<\/p>\n<p>Sobre a carga hor\u00e1ria:<br \/>\nO curso possui 80 horas de carga hor\u00e1ria. Por\u00e9m, se for conclu\u00eddo antes de 5 dias, passa a ter 10 horas de carga hor\u00e1ria. Conforme nosso contrato e termos de uso.<\/p>\n","protected":false},"excerpt":{"rendered":"<p>Voc\u00ea aprende diversas t\u00e9cnicas e conceitos que s\u00e3o aplicados reda\u00e7\u00e3o empresarial, verificaremos o perigo de uma linguagem prolixa, al\u00e9m de estudarmos um pequeno dicion\u00e1rio do mundo corporativo e muito mais. Sobre a carga hor\u00e1ria: O curso possui 80 horas de carga hor\u00e1ria. Por\u00e9m, se for conclu\u00eddo antes de 5 dias, passa a ter 10 horas de carga hor\u00e1ria. Conforme nosso [&hellip;]<\/p>\n","protected":false},"featured_media":0,"comment_status":"open","ping_status":"closed","template":"","meta":[],"product_brand":[],"product_cat":[235],"product_tag":[],"class_list":{"0":"post-17403","1":"product","2":"type-product","3":"status-publish","5":"product_cat-publicidade-e-marketing","6":"post","8":"first","9":"instock","10":"virtual","11":"sold-individually","12":"product-type-simple"},"_links":{"self":[{"href":"https:\/\/treina.online\/index.php?rest_route=\/wp\/v2\/product\/17403","targetHints":{"allow":["GET"]}}],"collection":[{"href":"https:\/\/treina.online\/index.php?rest_route=\/wp\/v2\/product"}],"about":[{"href":"https:\/\/treina.online\/index.php?rest_route=\/wp\/v2\/types\/product"}],"replies":[{"embeddable":true,"href":"https:\/\/treina.online\/index.php?rest_route=%2Fwp%2Fv2%2Fcomments&post=17403"}],"version-history":[{"count":0,"href":"https:\/\/treina.online\/index.php?rest_route=\/wp\/v2\/product\/17403\/revisions"}],"wp:attachment":[{"href":"https:\/\/treina.online\/index.php?rest_route=%2Fwp%2Fv2%2Fmedia&parent=17403"}],"wp:term":[{"taxonomy":"product_brand","embeddable":true,"href":"https:\/\/treina.online\/index.php?rest_route=%2Fwp%2Fv2%2Fproduct_brand&post=17403"},{"taxonomy":"product_cat","embeddable":true,"href":"https:\/\/treina.online\/index.php?rest_route=%2Fwp%2Fv2%2Fproduct_cat&post=17403"},{"taxonomy":"product_tag","embeddable":true,"href":"https:\/\/treina.online\/index.php?rest_route=%2Fwp%2Fv2%2Fproduct_tag&post=17403"}],"curies":[{"name":"wp","href":"https:\/\/api.w.org\/{rel}","templated":true}]}}