{"id":17390,"date":"2021-01-24T18:13:43","date_gmt":"2021-01-24T20:13:43","guid":{"rendered":"http:\/\/ecursos.treinaonline.com\/produto\/curso-de-psicologia-social\/"},"modified":"2021-01-24T18:13:43","modified_gmt":"2021-01-24T20:13:43","slug":"curso-de-psicologia-social","status":"publish","type":"product","link":"https:\/\/treina.online\/?product=curso-de-psicologia-social","title":{"rendered":"Curso de Psicologia Social"},"content":{"rendered":"<p>Aborda em quais locais o psic\u00f3logo social pode atuar, sendo: na \u00e1rea mercadol\u00f3gica, pol\u00edtica, sa\u00fade, educacional, entre outros. Al\u00e9m de observamos diversas teorias que respaldam o trabalho do psic\u00f3logo, elementos t\u00e9cnicos tamb\u00e9m s\u00e3o abordados, e muito mais.<\/p>\n<p>Sobre a carga hor\u00e1ria:<br \/>\nO curso possui 80 horas de carga hor\u00e1ria. Por\u00e9m, se for conclu\u00eddo antes de 5 dias, passa a ter 10 horas de carga hor\u00e1ria. Conforme nosso contrato e termos de uso.<\/p>\n","protected":false},"excerpt":{"rendered":"<p>Aborda em quais locais o psic\u00f3logo social pode atuar, sendo: na \u00e1rea mercadol\u00f3gica, pol\u00edtica, sa\u00fade, educacional, entre outros. Al\u00e9m de observamos diversas teorias que respaldam o trabalho do psic\u00f3logo, elementos t\u00e9cnicos tamb\u00e9m s\u00e3o abordados, e muito mais. Sobre a carga hor\u00e1ria: O curso possui 80 horas de carga hor\u00e1ria. Por\u00e9m, se for conclu\u00eddo antes de 5 dias, passa a ter [&hellip;]<\/p>\n","protected":false},"featured_media":0,"comment_status":"open","ping_status":"closed","template":"","meta":[],"product_brand":[],"product_cat":[234],"product_tag":[],"class_list":{"0":"post-17390","1":"product","2":"type-product","3":"status-publish","5":"product_cat-psicologia","6":"post","8":"first","9":"instock","10":"virtual","11":"sold-individually","12":"product-type-simple"},"_links":{"self":[{"href":"https:\/\/treina.online\/index.php?rest_route=\/wp\/v2\/product\/17390","targetHints":{"allow":["GET"]}}],"collection":[{"href":"https:\/\/treina.online\/index.php?rest_route=\/wp\/v2\/product"}],"about":[{"href":"https:\/\/treina.online\/index.php?rest_route=\/wp\/v2\/types\/product"}],"replies":[{"embeddable":true,"href":"https:\/\/treina.online\/index.php?rest_route=%2Fwp%2Fv2%2Fcomments&post=17390"}],"version-history":[{"count":0,"href":"https:\/\/treina.online\/index.php?rest_route=\/wp\/v2\/product\/17390\/revisions"}],"wp:attachment":[{"href":"https:\/\/treina.online\/index.php?rest_route=%2Fwp%2Fv2%2Fmedia&parent=17390"}],"wp:term":[{"taxonomy":"product_brand","embeddable":true,"href":"https:\/\/treina.online\/index.php?rest_route=%2Fwp%2Fv2%2Fproduct_brand&post=17390"},{"taxonomy":"product_cat","embeddable":true,"href":"https:\/\/treina.online\/index.php?rest_route=%2Fwp%2Fv2%2Fproduct_cat&post=17390"},{"taxonomy":"product_tag","embeddable":true,"href":"https:\/\/treina.online\/index.php?rest_route=%2Fwp%2Fv2%2Fproduct_tag&post=17390"}],"curies":[{"name":"wp","href":"https:\/\/api.w.org\/{rel}","templated":true}]}}