{"id":17388,"date":"2021-01-24T18:13:42","date_gmt":"2021-01-24T20:13:42","guid":{"rendered":"http:\/\/ecursos.treinaonline.com\/produto\/curso-de-psicologia-do-esporte-motivacao\/"},"modified":"2021-01-24T18:13:42","modified_gmt":"2021-01-24T20:13:42","slug":"curso-de-psicologia-do-esporte-motivacao","status":"publish","type":"product","link":"https:\/\/treina.online\/?product=curso-de-psicologia-do-esporte-motivacao","title":{"rendered":"Curso de Psicologia do Esporte: Motiva\u00e7\u00e3o"},"content":{"rendered":"<p>Voc\u00ea aprende: O que \u00e9 motiva\u00e7\u00e3o, Habilidades psicol\u00f3gicas e treinamentos e Competitividade e coopera\u00e7\u00e3o .<\/p>\n<p>Sobre a carga hor\u00e1ria:<br \/>\nO curso possui 2 horas de carga hor\u00e1ria.<\/p>\n","protected":false},"excerpt":{"rendered":"<p>Voc\u00ea aprende: O que \u00e9 motiva\u00e7\u00e3o, Habilidades psicol\u00f3gicas e treinamentos e Competitividade e coopera\u00e7\u00e3o . Sobre a carga hor\u00e1ria: O curso possui 2 horas de carga hor\u00e1ria.<\/p>\n","protected":false},"featured_media":0,"comment_status":"open","ping_status":"closed","template":"","meta":[],"product_brand":[],"product_cat":[234],"product_tag":[],"class_list":{"0":"post-17388","1":"product","2":"type-product","3":"status-publish","5":"product_cat-psicologia","6":"post","8":"first","9":"instock","10":"virtual","11":"sold-individually","12":"product-type-simple"},"_links":{"self":[{"href":"https:\/\/treina.online\/index.php?rest_route=\/wp\/v2\/product\/17388","targetHints":{"allow":["GET"]}}],"collection":[{"href":"https:\/\/treina.online\/index.php?rest_route=\/wp\/v2\/product"}],"about":[{"href":"https:\/\/treina.online\/index.php?rest_route=\/wp\/v2\/types\/product"}],"replies":[{"embeddable":true,"href":"https:\/\/treina.online\/index.php?rest_route=%2Fwp%2Fv2%2Fcomments&post=17388"}],"version-history":[{"count":0,"href":"https:\/\/treina.online\/index.php?rest_route=\/wp\/v2\/product\/17388\/revisions"}],"wp:attachment":[{"href":"https:\/\/treina.online\/index.php?rest_route=%2Fwp%2Fv2%2Fmedia&parent=17388"}],"wp:term":[{"taxonomy":"product_brand","embeddable":true,"href":"https:\/\/treina.online\/index.php?rest_route=%2Fwp%2Fv2%2Fproduct_brand&post=17388"},{"taxonomy":"product_cat","embeddable":true,"href":"https:\/\/treina.online\/index.php?rest_route=%2Fwp%2Fv2%2Fproduct_cat&post=17388"},{"taxonomy":"product_tag","embeddable":true,"href":"https:\/\/treina.online\/index.php?rest_route=%2Fwp%2Fv2%2Fproduct_tag&post=17388"}],"curies":[{"name":"wp","href":"https:\/\/api.w.org\/{rel}","templated":true}]}}