{"id":17382,"date":"2021-01-24T18:13:37","date_gmt":"2021-01-24T20:13:37","guid":{"rendered":"http:\/\/ecursos.treinaonline.com\/produto\/curso-de-produtividade-aprendendo-a-administrar-o-tempo\/"},"modified":"2021-01-24T18:13:37","modified_gmt":"2021-01-24T20:13:37","slug":"curso-de-produtividade-aprendendo-a-administrar-o-tempo","status":"publish","type":"product","link":"https:\/\/treina.online\/?product=curso-de-produtividade-aprendendo-a-administrar-o-tempo","title":{"rendered":"Curso de Produtividade: Aprendendo a Administrar o Tempo"},"content":{"rendered":"<p>Aborda O que \u00e9 o tempo?, Percep\u00e7\u00e3o de tempo, Aprenda a gerir seu tempo, Planeje seu tempo, Aprenda a lidar com o desperd\u00edcio de tempo, Urg\u00eancia e import\u00e2ncia, Estimativa e dura\u00e7\u00e3o de atividades, O tempo \u00e9 seu melhor amigo e Estime o seu tempo.<\/p>\n<p>Sobre a carga hor\u00e1ria:<br \/>\nO curso possui 10 horas de carga hor\u00e1ria.<\/p>\n","protected":false},"excerpt":{"rendered":"<p>Aborda O que \u00e9 o tempo?, Percep\u00e7\u00e3o de tempo, Aprenda a gerir seu tempo, Planeje seu tempo, Aprenda a lidar com o desperd\u00edcio de tempo, Urg\u00eancia e import\u00e2ncia, Estimativa e dura\u00e7\u00e3o de atividades, O tempo \u00e9 seu melhor amigo e Estime o seu tempo. Sobre a carga hor\u00e1ria: O curso possui 10 horas de carga hor\u00e1ria.<\/p>\n","protected":false},"featured_media":0,"comment_status":"open","ping_status":"closed","template":"","meta":[],"product_brand":[],"product_cat":[199],"product_tag":[],"class_list":{"0":"post-17382","1":"product","2":"type-product","3":"status-publish","5":"product_cat-administracao","6":"post","8":"first","9":"instock","10":"virtual","11":"sold-individually","12":"product-type-simple"},"_links":{"self":[{"href":"https:\/\/treina.online\/index.php?rest_route=\/wp\/v2\/product\/17382","targetHints":{"allow":["GET"]}}],"collection":[{"href":"https:\/\/treina.online\/index.php?rest_route=\/wp\/v2\/product"}],"about":[{"href":"https:\/\/treina.online\/index.php?rest_route=\/wp\/v2\/types\/product"}],"replies":[{"embeddable":true,"href":"https:\/\/treina.online\/index.php?rest_route=%2Fwp%2Fv2%2Fcomments&post=17382"}],"version-history":[{"count":0,"href":"https:\/\/treina.online\/index.php?rest_route=\/wp\/v2\/product\/17382\/revisions"}],"wp:attachment":[{"href":"https:\/\/treina.online\/index.php?rest_route=%2Fwp%2Fv2%2Fmedia&parent=17382"}],"wp:term":[{"taxonomy":"product_brand","embeddable":true,"href":"https:\/\/treina.online\/index.php?rest_route=%2Fwp%2Fv2%2Fproduct_brand&post=17382"},{"taxonomy":"product_cat","embeddable":true,"href":"https:\/\/treina.online\/index.php?rest_route=%2Fwp%2Fv2%2Fproduct_cat&post=17382"},{"taxonomy":"product_tag","embeddable":true,"href":"https:\/\/treina.online\/index.php?rest_route=%2Fwp%2Fv2%2Fproduct_tag&post=17382"}],"curies":[{"name":"wp","href":"https:\/\/api.w.org\/{rel}","templated":true}]}}