{"id":17378,"date":"2021-01-24T18:13:27","date_gmt":"2021-01-24T20:13:27","guid":{"rendered":"http:\/\/ecursos.treinaonline.com\/produto\/curso-de-producao-de-video-com-cameras-dslr\/"},"modified":"2021-01-24T18:13:27","modified_gmt":"2021-01-24T20:13:27","slug":"curso-de-producao-de-video-com-cameras-dslr","status":"publish","type":"product","link":"https:\/\/treina.online\/?product=curso-de-producao-de-video-com-cameras-dslr","title":{"rendered":"Curso de Produ\u00e7\u00e3o de v\u00eddeo com c\u00e2meras DSLR"},"content":{"rendered":"<p>Explica Neste curso voc\u00ea vai conhecer a c\u00e2mera, ergonomia, foco, abertura, tempo de exposi\u00e7\u00e3o, ISO. Vai aprender sobre lentes e filtros, acess\u00f3rios como trip\u00e9s, dolly e Follow Focus. Composi\u00e7\u00e3o, enquadramentos, movimentos. \u00c1udio, ilumina\u00e7\u00e3o, roteiro, formatos de publica\u00e7\u00e3o e muito mais.<\/p>\n<p>Sobre a carga hor\u00e1ria:<br \/>\nO curso possui 80 horas de carga hor\u00e1ria. Por\u00e9m, se for conclu\u00eddo antes de 5 dias, passa a ter 10 horas de carga hor\u00e1ria. Conforme nosso contrato e termos de uso.<\/p>\n","protected":false},"excerpt":{"rendered":"<p>Explica Neste curso voc\u00ea vai conhecer a c\u00e2mera, ergonomia, foco, abertura, tempo de exposi\u00e7\u00e3o, ISO. Vai aprender sobre lentes e filtros, acess\u00f3rios como trip\u00e9s, dolly e Follow Focus. Composi\u00e7\u00e3o, enquadramentos, movimentos. \u00c1udio, ilumina\u00e7\u00e3o, roteiro, formatos de publica\u00e7\u00e3o e muito mais. Sobre a carga hor\u00e1ria: O curso possui 80 horas de carga hor\u00e1ria. Por\u00e9m, se for conclu\u00eddo antes de 5 dias, [&hellip;]<\/p>\n","protected":false},"featured_media":0,"comment_status":"open","ping_status":"closed","template":"","meta":[],"product_brand":[],"product_cat":[222],"product_tag":[],"class_list":{"0":"post-17378","1":"product","2":"type-product","3":"status-publish","5":"product_cat-fotografia-e-video","6":"post","8":"first","9":"instock","10":"virtual","11":"sold-individually","12":"product-type-simple"},"_links":{"self":[{"href":"https:\/\/treina.online\/index.php?rest_route=\/wp\/v2\/product\/17378","targetHints":{"allow":["GET"]}}],"collection":[{"href":"https:\/\/treina.online\/index.php?rest_route=\/wp\/v2\/product"}],"about":[{"href":"https:\/\/treina.online\/index.php?rest_route=\/wp\/v2\/types\/product"}],"replies":[{"embeddable":true,"href":"https:\/\/treina.online\/index.php?rest_route=%2Fwp%2Fv2%2Fcomments&post=17378"}],"version-history":[{"count":0,"href":"https:\/\/treina.online\/index.php?rest_route=\/wp\/v2\/product\/17378\/revisions"}],"wp:attachment":[{"href":"https:\/\/treina.online\/index.php?rest_route=%2Fwp%2Fv2%2Fmedia&parent=17378"}],"wp:term":[{"taxonomy":"product_brand","embeddable":true,"href":"https:\/\/treina.online\/index.php?rest_route=%2Fwp%2Fv2%2Fproduct_brand&post=17378"},{"taxonomy":"product_cat","embeddable":true,"href":"https:\/\/treina.online\/index.php?rest_route=%2Fwp%2Fv2%2Fproduct_cat&post=17378"},{"taxonomy":"product_tag","embeddable":true,"href":"https:\/\/treina.online\/index.php?rest_route=%2Fwp%2Fv2%2Fproduct_tag&post=17378"}],"curies":[{"name":"wp","href":"https:\/\/api.w.org\/{rel}","templated":true}]}}