{"id":17376,"date":"2021-01-24T18:13:26","date_gmt":"2021-01-24T20:13:26","guid":{"rendered":"http:\/\/ecursos.treinaonline.com\/produto\/curso-de-producao-de-musica-eletronica-dj\/"},"modified":"2021-01-24T18:13:26","modified_gmt":"2021-01-24T20:13:26","slug":"curso-de-producao-de-musica-eletronica-dj","status":"publish","type":"product","link":"https:\/\/treina.online\/?product=curso-de-producao-de-musica-eletronica-dj","title":{"rendered":"Curso de Produ\u00e7\u00e3o de M\u00fasica Eletr\u00f4nica &#8211; DJ"},"content":{"rendered":"<p>Voc\u00ea aprende a estrutura da m\u00fasica eletr\u00f4nica, constru\u00e7\u00e3o do bassline, os conceitos b\u00e1sicos de s\u00edntese sonora e como construir uma melodia. Voc\u00ea tamb\u00e9m aprender\u00e1 sobre a tecnologia MIDI, como utilizar efeitos e como mixar e equalizar.<\/p>\n<p>Sobre a carga hor\u00e1ria:<br \/>\nO curso possui 80 horas de carga hor\u00e1ria. Por\u00e9m, se for conclu\u00eddo antes de 5 dias, passa a ter 10 horas de carga hor\u00e1ria. Conforme nosso contrato e termos de uso.<\/p>\n","protected":false},"excerpt":{"rendered":"<p>Voc\u00ea aprende a estrutura da m\u00fasica eletr\u00f4nica, constru\u00e7\u00e3o do bassline, os conceitos b\u00e1sicos de s\u00edntese sonora e como construir uma melodia. Voc\u00ea tamb\u00e9m aprender\u00e1 sobre a tecnologia MIDI, como utilizar efeitos e como mixar e equalizar. Sobre a carga hor\u00e1ria: O curso possui 80 horas de carga hor\u00e1ria. Por\u00e9m, se for conclu\u00eddo antes de 5 dias, passa a ter 10 [&hellip;]<\/p>\n","protected":false},"featured_media":0,"comment_status":"open","ping_status":"closed","template":"","meta":[],"product_brand":[],"product_cat":[230],"product_tag":[],"class_list":{"0":"post-17376","1":"product","2":"type-product","3":"status-publish","5":"product_cat-musica-e-instrumentos","6":"post","8":"first","9":"instock","10":"virtual","11":"sold-individually","12":"product-type-simple"},"_links":{"self":[{"href":"https:\/\/treina.online\/index.php?rest_route=\/wp\/v2\/product\/17376","targetHints":{"allow":["GET"]}}],"collection":[{"href":"https:\/\/treina.online\/index.php?rest_route=\/wp\/v2\/product"}],"about":[{"href":"https:\/\/treina.online\/index.php?rest_route=\/wp\/v2\/types\/product"}],"replies":[{"embeddable":true,"href":"https:\/\/treina.online\/index.php?rest_route=%2Fwp%2Fv2%2Fcomments&post=17376"}],"version-history":[{"count":0,"href":"https:\/\/treina.online\/index.php?rest_route=\/wp\/v2\/product\/17376\/revisions"}],"wp:attachment":[{"href":"https:\/\/treina.online\/index.php?rest_route=%2Fwp%2Fv2%2Fmedia&parent=17376"}],"wp:term":[{"taxonomy":"product_brand","embeddable":true,"href":"https:\/\/treina.online\/index.php?rest_route=%2Fwp%2Fv2%2Fproduct_brand&post=17376"},{"taxonomy":"product_cat","embeddable":true,"href":"https:\/\/treina.online\/index.php?rest_route=%2Fwp%2Fv2%2Fproduct_cat&post=17376"},{"taxonomy":"product_tag","embeddable":true,"href":"https:\/\/treina.online\/index.php?rest_route=%2Fwp%2Fv2%2Fproduct_tag&post=17376"}],"curies":[{"name":"wp","href":"https:\/\/api.w.org\/{rel}","templated":true}]}}