{"id":17359,"date":"2021-01-24T18:13:02","date_gmt":"2021-01-24T20:13:02","guid":{"rendered":"http:\/\/ecursos.treinaonline.com\/produto\/curso-de-portugues-para-o-enem\/"},"modified":"2021-01-24T18:13:02","modified_gmt":"2021-01-24T20:13:02","slug":"curso-de-portugues-para-o-enem","status":"publish","type":"product","link":"https:\/\/treina.online\/?product=curso-de-portugues-para-o-enem","title":{"rendered":"Curso de Portugu\u00eas para o Enem"},"content":{"rendered":"<p>Explica preparar os estudantes para o exame nacional do ensino m\u00e9dio. E voc\u00ea vai aprender o que s\u00e3o pronomes, verbos. Vai entender como se deu a Era Cl\u00e1ssica e a Moderna, e vai conhecer as melhores dicas para escrever uma reda\u00e7\u00e3o de qualidade.<\/p>\n<p>Sobre a carga hor\u00e1ria:<br \/>\nO curso possui 80 horas de carga hor\u00e1ria. Por\u00e9m, se for conclu\u00eddo antes de 5 dias, passa a ter 10 horas de carga hor\u00e1ria. Conforme nosso contrato e termos de uso.<\/p>\n","protected":false},"excerpt":{"rendered":"<p>Explica preparar os estudantes para o exame nacional do ensino m\u00e9dio. E voc\u00ea vai aprender o que s\u00e3o pronomes, verbos. Vai entender como se deu a Era Cl\u00e1ssica e a Moderna, e vai conhecer as melhores dicas para escrever uma reda\u00e7\u00e3o de qualidade. Sobre a carga hor\u00e1ria: O curso possui 80 horas de carga hor\u00e1ria. Por\u00e9m, se for conclu\u00eddo antes [&hellip;]<\/p>\n","protected":false},"featured_media":0,"comment_status":"open","ping_status":"closed","template":"","meta":[],"product_brand":[],"product_cat":[210],"product_tag":[],"class_list":{"0":"post-17359","1":"product","2":"type-product","3":"status-publish","5":"product_cat-cursinho-pre-vestibular","6":"post","8":"first","9":"instock","10":"virtual","11":"sold-individually","12":"product-type-simple"},"_links":{"self":[{"href":"https:\/\/treina.online\/index.php?rest_route=\/wp\/v2\/product\/17359","targetHints":{"allow":["GET"]}}],"collection":[{"href":"https:\/\/treina.online\/index.php?rest_route=\/wp\/v2\/product"}],"about":[{"href":"https:\/\/treina.online\/index.php?rest_route=\/wp\/v2\/types\/product"}],"replies":[{"embeddable":true,"href":"https:\/\/treina.online\/index.php?rest_route=%2Fwp%2Fv2%2Fcomments&post=17359"}],"version-history":[{"count":0,"href":"https:\/\/treina.online\/index.php?rest_route=\/wp\/v2\/product\/17359\/revisions"}],"wp:attachment":[{"href":"https:\/\/treina.online\/index.php?rest_route=%2Fwp%2Fv2%2Fmedia&parent=17359"}],"wp:term":[{"taxonomy":"product_brand","embeddable":true,"href":"https:\/\/treina.online\/index.php?rest_route=%2Fwp%2Fv2%2Fproduct_brand&post=17359"},{"taxonomy":"product_cat","embeddable":true,"href":"https:\/\/treina.online\/index.php?rest_route=%2Fwp%2Fv2%2Fproduct_cat&post=17359"},{"taxonomy":"product_tag","embeddable":true,"href":"https:\/\/treina.online\/index.php?rest_route=%2Fwp%2Fv2%2Fproduct_tag&post=17359"}],"curies":[{"name":"wp","href":"https:\/\/api.w.org\/{rel}","templated":true}]}}