{"id":17357,"date":"2021-01-24T18:13:00","date_gmt":"2021-01-24T20:13:00","guid":{"rendered":"http:\/\/ecursos.treinaonline.com\/produto\/curso-de-portugues-infantil\/"},"modified":"2021-01-24T18:13:00","modified_gmt":"2021-01-24T20:13:00","slug":"curso-de-portugues-infantil","status":"publish","type":"product","link":"https:\/\/treina.online\/?product=curso-de-portugues-infantil","title":{"rendered":"Curso de Portugu\u00eas Infantil"},"content":{"rendered":"<p>Traz interpreta\u00e7\u00f5es de textos, teoria e atividades para um melhor entendimento na ortografia, como o uso do H, uso do M e do N, os sons de X, a diferen\u00e7a de MAL e MAU, uso do J e do G, regras de acentua\u00e7\u00e3o, separa\u00e7\u00e3o de s\u00edlabas, entre outros.<\/p>\n<p>Sobre a carga hor\u00e1ria:<br \/>\nO curso possui 40 horas de carga hor\u00e1ria. Por\u00e9m, se for conclu\u00eddo antes de 5 dias, passa a ter 10 horas de carga hor\u00e1ria. Conforme nosso contrato e termos de uso.<\/p>\n","protected":false},"excerpt":{"rendered":"<p>Traz interpreta\u00e7\u00f5es de textos, teoria e atividades para um melhor entendimento na ortografia, como o uso do H, uso do M e do N, os sons de X, a diferen\u00e7a de MAL e MAU, uso do J e do G, regras de acentua\u00e7\u00e3o, separa\u00e7\u00e3o de s\u00edlabas, entre outros. Sobre a carga hor\u00e1ria: O curso possui 40 horas de carga hor\u00e1ria. [&hellip;]<\/p>\n","protected":false},"featured_media":0,"comment_status":"open","ping_status":"closed","template":"","meta":[],"product_brand":[],"product_cat":[157],"product_tag":[],"class_list":{"0":"post-17357","1":"product","2":"type-product","3":"status-publish","5":"product_cat-sem-categoria","6":"post","8":"first","9":"instock","10":"virtual","11":"sold-individually","12":"product-type-simple"},"_links":{"self":[{"href":"https:\/\/treina.online\/index.php?rest_route=\/wp\/v2\/product\/17357","targetHints":{"allow":["GET"]}}],"collection":[{"href":"https:\/\/treina.online\/index.php?rest_route=\/wp\/v2\/product"}],"about":[{"href":"https:\/\/treina.online\/index.php?rest_route=\/wp\/v2\/types\/product"}],"replies":[{"embeddable":true,"href":"https:\/\/treina.online\/index.php?rest_route=%2Fwp%2Fv2%2Fcomments&post=17357"}],"version-history":[{"count":0,"href":"https:\/\/treina.online\/index.php?rest_route=\/wp\/v2\/product\/17357\/revisions"}],"wp:attachment":[{"href":"https:\/\/treina.online\/index.php?rest_route=%2Fwp%2Fv2%2Fmedia&parent=17357"}],"wp:term":[{"taxonomy":"product_brand","embeddable":true,"href":"https:\/\/treina.online\/index.php?rest_route=%2Fwp%2Fv2%2Fproduct_brand&post=17357"},{"taxonomy":"product_cat","embeddable":true,"href":"https:\/\/treina.online\/index.php?rest_route=%2Fwp%2Fv2%2Fproduct_cat&post=17357"},{"taxonomy":"product_tag","embeddable":true,"href":"https:\/\/treina.online\/index.php?rest_route=%2Fwp%2Fv2%2Fproduct_tag&post=17357"}],"curies":[{"name":"wp","href":"https:\/\/api.w.org\/{rel}","templated":true}]}}