{"id":17354,"date":"2021-01-24T18:12:58","date_gmt":"2021-01-24T20:12:58","guid":{"rendered":"http:\/\/ecursos.treinaonline.com\/produto\/curso-de-pnl-programacao-neurolinguistica\/"},"modified":"2021-01-24T18:12:58","modified_gmt":"2021-01-24T20:12:58","slug":"curso-de-pnl-programacao-neurolinguistica","status":"publish","type":"product","link":"https:\/\/treina.online\/?product=curso-de-pnl-programacao-neurolinguistica","title":{"rendered":"Curso de PNL &#8211; Programa\u00e7\u00e3o Neurolingu\u00edstica"},"content":{"rendered":"<p>Ajuda  seus praticantes a desenvolverem habilidades e promoverem mudan\u00e7as internas e na sociedade. Al\u00e9m disso, ensina, na pr\u00e1tica, como funciona a Programa\u00e7\u00e3o Neurolingu\u00edstica, t\u00e9cnicas de readapta\u00e7\u00e3o, motiva\u00e7\u00e3o e mudan\u00e7a de pensamento. O objetivo \u00e9 disseminar a PNL como uma arte, sustentada por pressupostos e filosofias de mudan\u00e7a.<\/p>\n<p>Sobre a carga hor\u00e1ria:<br \/>\nO curso possui 80 horas de carga hor\u00e1ria. Por\u00e9m, se for conclu\u00eddo antes de 5 dias, passa a ter 10 horas de carga hor\u00e1ria. Conforme nosso contrato e termos de uso.<\/p>\n","protected":false},"excerpt":{"rendered":"<p>Ajuda seus praticantes a desenvolverem habilidades e promoverem mudan\u00e7as internas e na sociedade. Al\u00e9m disso, ensina, na pr\u00e1tica, como funciona a Programa\u00e7\u00e3o Neurolingu\u00edstica, t\u00e9cnicas de readapta\u00e7\u00e3o, motiva\u00e7\u00e3o e mudan\u00e7a de pensamento. O objetivo \u00e9 disseminar a PNL como uma arte, sustentada por pressupostos e filosofias de mudan\u00e7a. Sobre a carga hor\u00e1ria: O curso possui 80 horas de carga hor\u00e1ria. Por\u00e9m, [&hellip;]<\/p>\n","protected":false},"featured_media":0,"comment_status":"open","ping_status":"closed","template":"","meta":[],"product_brand":[],"product_cat":[207],"product_tag":[],"class_list":{"0":"post-17354","1":"product","2":"type-product","3":"status-publish","5":"product_cat-cotidiano","6":"post","8":"first","9":"instock","10":"virtual","11":"sold-individually","12":"product-type-simple"},"_links":{"self":[{"href":"https:\/\/treina.online\/index.php?rest_route=\/wp\/v2\/product\/17354","targetHints":{"allow":["GET"]}}],"collection":[{"href":"https:\/\/treina.online\/index.php?rest_route=\/wp\/v2\/product"}],"about":[{"href":"https:\/\/treina.online\/index.php?rest_route=\/wp\/v2\/types\/product"}],"replies":[{"embeddable":true,"href":"https:\/\/treina.online\/index.php?rest_route=%2Fwp%2Fv2%2Fcomments&post=17354"}],"version-history":[{"count":0,"href":"https:\/\/treina.online\/index.php?rest_route=\/wp\/v2\/product\/17354\/revisions"}],"wp:attachment":[{"href":"https:\/\/treina.online\/index.php?rest_route=%2Fwp%2Fv2%2Fmedia&parent=17354"}],"wp:term":[{"taxonomy":"product_brand","embeddable":true,"href":"https:\/\/treina.online\/index.php?rest_route=%2Fwp%2Fv2%2Fproduct_brand&post=17354"},{"taxonomy":"product_cat","embeddable":true,"href":"https:\/\/treina.online\/index.php?rest_route=%2Fwp%2Fv2%2Fproduct_cat&post=17354"},{"taxonomy":"product_tag","embeddable":true,"href":"https:\/\/treina.online\/index.php?rest_route=%2Fwp%2Fv2%2Fproduct_tag&post=17354"}],"curies":[{"name":"wp","href":"https:\/\/api.w.org\/{rel}","templated":true}]}}